{"id":6715,"date":"2020-03-23T16:25:40","date_gmt":"2020-03-23T16:25:40","guid":{"rendered":"https:\/\/chapmans.ca\/nouvelle-glace-pour-2020\/"},"modified":"2020-04-09T14:19:10","modified_gmt":"2020-04-09T14:19:10","slug":"nouvelle-glace-pour-2020","status":"publish","type":"page","link":"https:\/\/www.chapmans.ca\/fr\/nouvelle-glace-pour-2020\/","title":{"rendered":"Pr\u00e9sentation de nouvelles friandises glac\u00e9es \u00e9poustouflantes et rafra\u00eechissantes pour 2020"},"content":{"rendered":"\t\t<div data-elementor-type=\"wp-page\" data-elementor-id=\"6715\" class=\"elementor elementor-6715 elementor-6342\" data-elementor-post-type=\"page\">\n\t\t\t\t\t\t<section class=\"elementor-section elementor-top-section elementor-element elementor-element-70ed7ab elementor-section-boxed elementor-section-height-default elementor-section-height-default\" data-id=\"70ed7ab\" data-element_type=\"section\" data-e-type=\"section\">\n\t\t\t\t\t\t<div class=\"elementor-container elementor-column-gap-default\">\n\t\t\t\t\t<div class=\"elementor-column elementor-col-100 elementor-top-column elementor-element elementor-element-54b9955\" data-id=\"54b9955\" data-element_type=\"column\" data-e-type=\"column\">\n\t\t\t<div class=\"elementor-widget-wrap elementor-element-populated\">\n\t\t\t\t\t\t<div class=\"elementor-element elementor-element-51d7bce elementor-widget elementor-widget-text-editor\" data-id=\"51d7bce\" data-element_type=\"widget\" data-e-type=\"widget\" data-widget_type=\"text-editor.default\">\n\t\t\t\t<div class=\"elementor-widget-container\">\n\t\t\t\t\t\t\t\t\t<p><img fetchpriority=\"high\" decoding=\"async\" class=\"size-medium wp-image-6352 alignleft\" src=\"https:\/\/www.chapmans.ca\/wp-content\/uploads\/2020\/03\/maple-e1584546503406-300x242.jpg\" alt=\"\" width=\"300\" height=\"242\" srcset=\"https:\/\/www.chapmans.ca\/wp-content\/uploads\/2020\/03\/maple-e1584546503406-300x242.jpg 300w, https:\/\/www.chapmans.ca\/wp-content\/uploads\/2020\/03\/maple-e1584546503406-74x60.jpg 74w, https:\/\/www.chapmans.ca\/wp-content\/uploads\/2020\/03\/maple-e1584546503406.jpg 432w\" sizes=\"(max-width: 300px) 100vw, 300px\" \/><img class=\"alignleft wp-image-3690 size-medium\" \/><\/p>\n<p>Nous sommes ravis de vous pr\u00e9senter la cr\u00e8me glac\u00e9e la plus canadienne de tous les temps \u2013<em>\u00c9rable canadien, Eh!<\/em>En forme de feuille d\u2019\u00e9rable, ces barres de cr\u00e8me glac\u00e9e de <a href=\"https:\/\/www.chapmans.ca\/fr\/class\/collection-canadienne\/\">la Collection Canadienne<\/a> Chapman\u2019s sont faites avec notre fameuse cr\u00e8me glac\u00e9e \u00e0 la vanille et un tourbillon de vrai sirop d\u2019\u00e9rable Canadien. Fabriqu\u00e9 avec des produits <a href=\"https:\/\/www.chapmans.ca\/fr\/contenu-attribut\/lait-100-canadien\/\">laitiers \u00e0 100% Canadien<\/a>, vous ne trouverez pas de friandise glac\u00e9e plus Canadienne!<\/p>\n<p>La cr\u00e8me glac\u00e9e de Chapman a toujours quelque chose pour tout le monde et nous n\u2019avons pas oubli\u00e9 les amateurs de chocolat s\u00e9rieux! Le sandwich de la collection Yukon au chocolat et fudge contient une d\u00e9licieuse cr\u00e8me glac\u00e9e au chocolat de Chapman, tourbillonn\u00e9e d\u2019un ruban au fudge entre deux gaufrettes au chocolat. Quoi ne pas aimer avec un go\u00fbt aussi gros? Comme une autre partie importante de notre collection Yukon, nous avons lanc\u00e9 le cornet de cr\u00e8me glac\u00e9e <em>Double la trempette<\/em>. Cr\u00e8me glac\u00e9e \u00e0 la vanille avec un centre de caramel enrob\u00e9e dans notre fameux chocolat au lait \u2013 c\u2019est notre cornet le plus indulgent \u00e0 ce jour.<\/p>\n<p><img decoding=\"async\" class=\"size-medium wp-image-6355 alignright\" src=\"https:\/\/www.chapmans.ca\/wp-content\/uploads\/2020\/03\/lolly-300x225.jpg\" alt=\"\" width=\"300\" height=\"225\" srcset=\"https:\/\/www.chapmans.ca\/wp-content\/uploads\/2020\/03\/lolly-300x225.jpg 300w, https:\/\/www.chapmans.ca\/wp-content\/uploads\/2020\/03\/lolly-450x338.jpg 450w, https:\/\/www.chapmans.ca\/wp-content\/uploads\/2020\/03\/lolly-80x60.jpg 80w, https:\/\/www.chapmans.ca\/wp-content\/uploads\/2020\/03\/lolly.jpg 584w\" sizes=\"(max-width: 300px) 100vw, 300px\" \/>\u00c0 l\u2019approche de la chaleur de l\u2019\u00e9t\u00e9, de nombreux Canadiens sont \u00e0 la recherche d\u2019une nouvelle friandise glac\u00e9e int\u00e9ressante et rafra\u00eechissante. Nous sommes pr\u00eats \u00e0 vous \u00e9tonner avec nos nouveaux <em>Li\u2019l Lolly soda pop<\/em> et <em>Twisters jus de fruits<\/em>. Ces produits d\u2019eau glac\u00e9e naturellement aromatis\u00e9s et color\u00e9s vous garderont hydrat\u00e9 peu importe o\u00f9 votre voyage vous m\u00e8nera. \u00c0 seulement 50 calories par portion, ces produits sont sans gluten, sans noix ou arachides \u2013 parfaits pour toutes les restrictions alimentaires.<\/p>\n<p><img decoding=\"async\" class=\"size-medium wp-image-6357 alignleft\" src=\"https:\/\/www.chapmans.ca\/wp-content\/uploads\/2020\/03\/premium-283x300.png\" alt=\"\" width=\"283\" height=\"300\" srcset=\"https:\/\/www.chapmans.ca\/wp-content\/uploads\/2020\/03\/premium-283x300.png 283w, https:\/\/www.chapmans.ca\/wp-content\/uploads\/2020\/03\/premium-425x450.png 425w, https:\/\/www.chapmans.ca\/wp-content\/uploads\/2020\/03\/premium-57x60.png 57w, https:\/\/www.chapmans.ca\/wp-content\/uploads\/2020\/03\/premium.png 461w\" sizes=\"(max-width: 283px) 100vw, 283px\" \/>Notre nouvelle cr\u00e8me glac\u00e9e Prime G<em>ousse \u00e0 la vanille de Tahiti<\/em> satisfera m\u00eame les plus exigeants des amateurs de cr\u00e8me glac\u00e9e \u00e0 la vanille. La gousse de vanille de Tahiti est l\u2019une des gousses de vanille les plus savoureuses. Nous sommes \u00e9galement ravis de pr\u00e9senter <em>l\u2019Unique chocolat<\/em> dans le cadre de notre gammes <a href=\"https:\/\/www.chapmans.ca\/fr\/class\/creme-glacee-premium\/\">Prime<\/a> 2 Litre, en utilisant le meilleur m\u00e9lange de cacao au lait de Chapman et de cr\u00e8me Canadienne. Le go\u00fbt riche est vraiment inoubliable.<\/p>\n<p>Nous esp\u00e9rons que vous appr\u00e9cierez ces nouvelles cr\u00e9ations de l\u2019\u00e9quipe Chapman\u2019s. Pour trouver l\u2019un de ces produits pr\u00e8s de chez vous, veuillez visiter notre <a href=\"https:\/\/www.chapmans.ca\/fr\/chapmans-proche-de-moi\/\">localisateur de magasin<\/a>. N\u2019oubliez pas de partager vos exp\u00e9riences avec nous sur <a href=\"https:\/\/www.facebook.com\/ChapmansIceCream\/\">Facebook<\/a> et <a href=\"https:\/\/www.instagram.com\/chapmansicecream\/\">Instagram<\/a> avec #ChapmansIceCream. Nous avons h\u00e2te de recevoir de vos nouvelles.<\/p>\n\t\t\t\t\t\t\t\t<\/div>\n\t\t\t\t<\/div>\n\t\t\t\t\t<\/div>\n\t\t<\/div>\n\t\t\t\t\t<\/div>\n\t\t<\/section>\n\t\t\t\t<\/div>\n\t\t","protected":false},"excerpt":{"rendered":"<p>Nous sommes ravis de vous pr\u00e9senter la cr\u00e8me glac\u00e9e la plus canadienne de tous les temps \u2013\u00c9rable canadien, Eh!En forme de feuille d\u2019\u00e9rable, ces barres de cr\u00e8me glac\u00e9e de la Collection Canadienne Chapman\u2019s sont faites avec notre fameuse cr\u00e8me glac\u00e9e \u00e0 la vanille et un tourbillon de vrai sirop d\u2019\u00e9rable Canadien. Fabriqu\u00e9 avec des produits [&hellip;]<\/p>\n","protected":false},"author":12,"featured_media":6766,"parent":0,"menu_order":61,"comment_status":"closed","ping_status":"closed","template":"template-promotional-landing.php","meta":{"_acf_changed":false,"footnotes":""},"class_list":["post-6715","page","type-page","status-publish","has-post-thumbnail","hentry"],"acf":[],"_links":{"self":[{"href":"https:\/\/www.chapmans.ca\/fr\/wp-json\/wp\/v2\/pages\/6715","targetHints":{"allow":["GET"]}}],"collection":[{"href":"https:\/\/www.chapmans.ca\/fr\/wp-json\/wp\/v2\/pages"}],"about":[{"href":"https:\/\/www.chapmans.ca\/fr\/wp-json\/wp\/v2\/types\/page"}],"author":[{"embeddable":true,"href":"https:\/\/www.chapmans.ca\/fr\/wp-json\/wp\/v2\/users\/12"}],"replies":[{"embeddable":true,"href":"https:\/\/www.chapmans.ca\/fr\/wp-json\/wp\/v2\/comments?post=6715"}],"version-history":[{"count":0,"href":"https:\/\/www.chapmans.ca\/fr\/wp-json\/wp\/v2\/pages\/6715\/revisions"}],"wp:featuredmedia":[{"embeddable":true,"href":"https:\/\/www.chapmans.ca\/fr\/wp-json\/wp\/v2\/media\/6766"}],"wp:attachment":[{"href":"https:\/\/www.chapmans.ca\/fr\/wp-json\/wp\/v2\/media?parent=6715"}],"curies":[{"name":"wp","href":"https:\/\/api.w.org\/{rel}","templated":true}]}}