{"id":6293,"date":"2020-01-31T14:39:42","date_gmt":"2020-01-31T14:39:42","guid":{"rendered":"https:\/\/chapmans.ca\/venez-travailler-et-vivre-ici\/"},"modified":"2022-08-15T20:43:08","modified_gmt":"2022-08-15T20:43:08","slug":"venez-travailler-et-vivre-ici","status":"publish","type":"page","link":"https:\/\/www.chapmans.ca\/fr\/venez-travailler-et-vivre-ici\/","title":{"rendered":"Venez Travailler Et Vivre Ici"},"content":{"rendered":"\t\t<div data-elementor-type=\"wp-page\" data-elementor-id=\"6293\" class=\"elementor elementor-6293 elementor-5910\" data-elementor-post-type=\"page\">\n\t\t\t\t\t\t<section class=\"elementor-section elementor-top-section elementor-element elementor-element-6f624ea elementor-section-boxed elementor-section-height-default elementor-section-height-default\" data-id=\"6f624ea\" data-element_type=\"section\" data-e-type=\"section\">\n\t\t\t\t\t\t<div class=\"elementor-container elementor-column-gap-default\">\n\t\t\t\t\t<div class=\"elementor-column elementor-col-100 elementor-top-column elementor-element elementor-element-a0007b9\" data-id=\"a0007b9\" data-element_type=\"column\" data-e-type=\"column\">\n\t\t\t<div class=\"elementor-widget-wrap elementor-element-populated\">\n\t\t\t\t\t\t<div class=\"elementor-element elementor-element-da3dee2 elementor-widget elementor-widget-heading\" data-id=\"da3dee2\" data-element_type=\"widget\" data-e-type=\"widget\" data-widget_type=\"heading.default\">\n\t\t\t\t<div class=\"elementor-widget-container\">\n\t\t\t\t\t<h1 class=\"elementor-heading-title elementor-size-xxl\"><p align=\"center\" style=\"text-align:center\"><span style=\"color: inherit;font-size: 62px\">Come Work and Live Here<\/span><span style=\"color: inherit;font-size: 62px;text-align: left\"><\/span><\/p><\/h1>\t\t\t\t<\/div>\n\t\t\t\t<\/div>\n\t\t\t\t\t<\/div>\n\t\t<\/div>\n\t\t\t\t\t<\/div>\n\t\t<\/section>\n\t\t\t\t<section class=\"elementor-section elementor-top-section elementor-element elementor-element-23c20e2 elementor-section-boxed elementor-section-height-default elementor-section-height-default\" data-id=\"23c20e2\" data-element_type=\"section\" data-e-type=\"section\">\n\t\t\t\t\t\t<div class=\"elementor-container elementor-column-gap-default\">\n\t\t\t\t\t<div class=\"elementor-column elementor-col-100 elementor-top-column elementor-element elementor-element-1374541\" data-id=\"1374541\" data-element_type=\"column\" data-e-type=\"column\">\n\t\t\t<div class=\"elementor-widget-wrap elementor-element-populated\">\n\t\t\t\t\t\t<div class=\"elementor-element elementor-element-02c854a elementor-widget elementor-widget-text-editor\" data-id=\"02c854a\" data-element_type=\"widget\" data-e-type=\"widget\" data-widget_type=\"text-editor.default\">\n\t\t\t\t<div class=\"elementor-widget-container\">\n\t\t\t\t\t\t\t\t\t<p>La petite communaut\u00e9 de Markdale, au nord-ouest de Toronto, abrite le complexe de Chapman\u2019s Ice Cream. Markdale est au c\u0153ur du pittoresque comt\u00e9 de Grey de l\u2019Ontario, situ\u00e9 au centre des villes d\u2019Owen Sound, de Hanover, de Collingwood et de Shelburne.<\/p>\t\t\t\t\t\t\t\t<\/div>\n\t\t\t\t<\/div>\n\t\t\t\t\t<\/div>\n\t\t<\/div>\n\t\t\t\t\t<\/div>\n\t\t<\/section>\n\t\t\t\t<section class=\"elementor-section elementor-top-section elementor-element elementor-element-0147112 elementor-section-boxed elementor-section-height-default elementor-section-height-default\" data-id=\"0147112\" data-element_type=\"section\" data-e-type=\"section\">\n\t\t\t\t\t\t<div class=\"elementor-container elementor-column-gap-default\">\n\t\t\t\t\t<div class=\"elementor-column elementor-col-33 elementor-top-column elementor-element elementor-element-7f4bb6f\" data-id=\"7f4bb6f\" data-element_type=\"column\" data-e-type=\"column\">\n\t\t\t<div class=\"elementor-widget-wrap elementor-element-populated\">\n\t\t\t\t\t\t<div class=\"elementor-element elementor-element-aecfde1 elementor-widget elementor-widget-text-editor\" data-id=\"aecfde1\" data-element_type=\"widget\" data-e-type=\"widget\" data-widget_type=\"text-editor.default\">\n\t\t\t\t<div class=\"elementor-widget-container\">\n\t\t\t\t\t\t\t\t\t<h3>Markdale, Ontario<\/h3><p>Cette r\u00e9gion est connue pour ses sites pittoresques, ses magnifiques lacs, ses multiples cascades, ses sentiers de randonn\u00e9e et de v\u00e9lo sans fin, ses falaises d\u2019escalade et ses pistes de ski. Que vous prosp\u00e9riez dans l\u2019aventure en plein air, les arts et la culture, le shopping, la gastronomie ou les festivals saisonniers, Markdale est un moyen pratique d\u2019acc\u00e9der \u00e0 tous.<\/p>\t\t\t\t\t\t\t\t<\/div>\n\t\t\t\t<\/div>\n\t\t\t\t\t<\/div>\n\t\t<\/div>\n\t\t\t\t<div class=\"elementor-column elementor-col-66 elementor-top-column elementor-element elementor-element-de08cf4\" data-id=\"de08cf4\" data-element_type=\"column\" data-e-type=\"column\">\n\t\t\t<div class=\"elementor-widget-wrap elementor-element-populated\">\n\t\t\t\t\t\t<div class=\"elementor-element elementor-element-223b447 elementor-widget elementor-widget-video\" data-id=\"223b447\" data-element_type=\"widget\" data-e-type=\"widget\" data-settings=\"{&quot;video_type&quot;:&quot;vimeo&quot;}\" data-widget_type=\"video.default\">\n\t\t\t\t<div class=\"elementor-widget-container\">\n\t\t\t\t\t\t\t<div class=\"elementor-wrapper elementor-open-inline\">\n\t\t\t<iframe class=\"elementor-video-iframe\" allowfullscreen allow=\"clipboard-write\" title=\"Lecteur vid\u00e9o vimeo\" src=\"https:\/\/player.vimeo.com\/video\/218169874?color&amp;autopause=0&amp;loop=0&amp;muted=0&amp;title=1&amp;portrait=1&amp;byline=1#t=\"><\/iframe>\t\t<\/div>\n\t\t\t\t\t\t<\/div>\n\t\t\t\t<\/div>\n\t\t\t\t<div class=\"elementor-element elementor-element-ee6a568 elementor-widget elementor-widget-text-editor\" data-id=\"ee6a568\" data-element_type=\"widget\" data-e-type=\"widget\" data-widget_type=\"text-editor.default\">\n\t\t\t\t<div class=\"elementor-widget-container\">\n\t\t\t\t\t\t\t\t\t<aside class=\"box\"><div class=\"box-i\"><aside class=\"box\"><div class=\"box-i\"><p><em>*Aucune l\u00e9gende n\u00e9cessaire: Le seul son du vid\u00e9o est la musique du fond.<\/em><\/p><\/div><\/aside><\/div><\/aside>\t\t\t\t\t\t\t\t<\/div>\n\t\t\t\t<\/div>\n\t\t\t\t\t<\/div>\n\t\t<\/div>\n\t\t\t\t\t<\/div>\n\t\t<\/section>\n\t\t\t\t<section class=\"elementor-section elementor-top-section elementor-element elementor-element-ff126ba elementor-section-boxed elementor-section-height-default elementor-section-height-default\" data-id=\"ff126ba\" data-element_type=\"section\" data-e-type=\"section\">\n\t\t\t\t\t\t<div class=\"elementor-container elementor-column-gap-default\">\n\t\t\t\t\t<div class=\"elementor-column elementor-col-100 elementor-top-column elementor-element elementor-element-083d4fa\" data-id=\"083d4fa\" data-element_type=\"column\" data-e-type=\"column\">\n\t\t\t<div class=\"elementor-widget-wrap elementor-element-populated\">\n\t\t\t\t\t\t<div class=\"elementor-element elementor-element-0ab245f elementor-widget elementor-widget-text-editor\" data-id=\"0ab245f\" data-element_type=\"widget\" data-e-type=\"widget\" data-widget_type=\"text-editor.default\">\n\t\t\t\t<div class=\"elementor-widget-container\">\n\t\t\t\t\t\t\t\t\t<h3>Infrastructure<\/h3><p>Ici, un style de vie rural paisible est compl\u00e9t\u00e9 par une infrastructure bien d\u00e9velopp\u00e9e et une grande vari\u00e9t\u00e9 d\u2019\u00e9quipements quotidiens. La commodit\u00e9 et l\u2019accessibilit\u00e9 font de cette communaut\u00e9 un endroit confortable pour les familles nouvelles et en croissance. Voici certaines des choses que vous pouvez trouver \u00e0 Markdale:<\/p>\t\t\t\t\t\t\t\t<\/div>\n\t\t\t\t<\/div>\n\t\t\t\t\t<\/div>\n\t\t<\/div>\n\t\t\t\t\t<\/div>\n\t\t<\/section>\n\t\t\t\t<section class=\"elementor-section elementor-top-section elementor-element elementor-element-083d121 elementor-section-boxed elementor-section-height-default elementor-section-height-default\" data-id=\"083d121\" data-element_type=\"section\" data-e-type=\"section\">\n\t\t\t\t\t\t<div class=\"elementor-container elementor-column-gap-default\">\n\t\t\t\t\t<div class=\"elementor-column elementor-col-50 elementor-top-column elementor-element elementor-element-bd4add7\" data-id=\"bd4add7\" data-element_type=\"column\" data-e-type=\"column\">\n\t\t\t<div class=\"elementor-widget-wrap elementor-element-populated\">\n\t\t\t\t\t\t<div class=\"elementor-element elementor-element-185516f elementor-widget elementor-widget-text-editor\" data-id=\"185516f\" data-element_type=\"widget\" data-e-type=\"widget\" data-widget_type=\"text-editor.default\">\n\t\t\t\t<div class=\"elementor-widget-container\">\n\t\t\t\t\t\t\t\t\t<ul>\r\n \t<li><a href=\"https:\/\/www.gbhs.on.ca\/\">H\u00f4pital<\/a><\/li>\r\n \t<li><a href=\"https:\/\/bcc.bwdsb.on.ca\/\">\u00c9cole primaire<\/a><\/li>\r\n \t<li><a href=\"https:\/\/www.segchc.ca\/\">Centre de sant\u00e9 communautaire<\/a><\/li>\r\n \t<li><a href=\"https:\/\/www.visitgrey.ca\/business\/markdale-complex-community-centre-and-arena\">Centre communautaire<\/a><\/li>\r\n \t<li><a href=\"https:\/\/www.visitgrey.ca\/business\/markdale-complex-community-centre-and-arena\">Patinoire<\/a><\/li>\r\n \t<li><a href=\"https:\/\/www.greyhighlands.ca\/en\/visit-and-explore\/libraries.aspx\">Biblioth\u00e8que<\/a><\/li>\r\n \t<li><a href=\"https:\/\/www.grey.ca\/long-term-care\/grey-gables\"> \u00c9tablissement de soins de longue dur\u00e9e<\/a><\/li>\r\n<\/ul>\t\t\t\t\t\t\t\t<\/div>\n\t\t\t\t<\/div>\n\t\t\t\t\t<\/div>\n\t\t<\/div>\n\t\t\t\t<div class=\"elementor-column elementor-col-50 elementor-top-column elementor-element elementor-element-39ce231\" data-id=\"39ce231\" data-element_type=\"column\" data-e-type=\"column\">\n\t\t\t<div class=\"elementor-widget-wrap elementor-element-populated\">\n\t\t\t\t\t\t<div class=\"elementor-element elementor-element-da9a04a elementor-widget elementor-widget-text-editor\" data-id=\"da9a04a\" data-element_type=\"widget\" data-e-type=\"widget\" data-widget_type=\"text-editor.default\">\n\t\t\t\t<div class=\"elementor-widget-container\">\n\t\t\t\t\t\t\t\t\t<ul>\r\n \t<li><a href=\"https:\/\/kidsandus.ca\/child-care\/markdale\/\">Centre de soins des enfants<\/a><\/li>\r\n \t<li><a href=\"http:\/\/headwatersacademy.ca\/\">\u00c9cole priv\u00e9e<\/a><\/li>\r\n \t<li><a href=\"https:\/\/kidsandus.ca\/earlyon\/markdale\/\"> Programme EarlyON (pour mamans et tout-petits)<\/a><\/li>\r\n \t<li><a href=\"http:\/\/www.markdalegolfandcurlingclub.ca\/\">Club de curling<\/a><\/li>\r\n \t<li><a href=\"http:\/\/www.markdalegolfandcurlingclub.ca\/\">Terrain de golf et courts de tennis<\/a><\/li>\r\n \t<li><a href=\"http:\/\/www.markdaleminorsoccer.ca\/\"> Club de football<\/a><\/li>\r\n \t<li><a href=\"https:\/\/sites.google.com\/site\/markdaleminorsoftballgood\/latest-news\">Ligue de softball mineur<\/a><\/li>\r\n<\/ul>\t\t\t\t\t\t\t\t<\/div>\n\t\t\t\t<\/div>\n\t\t\t\t\t<\/div>\n\t\t<\/div>\n\t\t\t\t\t<\/div>\n\t\t<\/section>\n\t\t\t\t<section class=\"elementor-section elementor-top-section elementor-element elementor-element-02d514f elementor-section-boxed elementor-section-height-default elementor-section-height-default\" data-id=\"02d514f\" data-element_type=\"section\" data-e-type=\"section\">\n\t\t\t\t\t\t<div class=\"elementor-container elementor-column-gap-default\">\n\t\t\t\t\t<div class=\"elementor-column elementor-col-33 elementor-top-column elementor-element elementor-element-159028b\" data-id=\"159028b\" data-element_type=\"column\" data-e-type=\"column\">\n\t\t\t<div class=\"elementor-widget-wrap elementor-element-populated\">\n\t\t\t\t\t\t<div class=\"elementor-element elementor-element-72525d6 elementor-widget elementor-widget-text-editor\" data-id=\"72525d6\" data-element_type=\"widget\" data-e-type=\"widget\" data-widget_type=\"text-editor.default\">\n\t\t\t\t<div class=\"elementor-widget-container\">\n\t\t\t\t\t\t\t\t\t<p>L\u2019\u00e9cole secondaire Grey Highlands se trouve \u00e0 seulement 15 minutes de route de Markdale. Les communaut\u00e9s voisines offrent \u00e9galement une vari\u00e9t\u00e9 d\u2019activit\u00e9s ponctuelles et de camps d\u2019\u00e9t\u00e9. Du v\u00e9lo \u00e0 la p\u00eache en passant par l\u2019\u00e9quitation et le canotage, cette r\u00e9gion offre une grande vari\u00e9t\u00e9 d\u2019activit\u00e9s pour chaque saison. <a href=\"https:\/\/www.visitgrey.ca\/play\/outdoor-activities\">Cliquez ici pour en lire plus<\/a>.<\/p>\t\t\t\t\t\t\t\t<\/div>\n\t\t\t\t<\/div>\n\t\t\t\t\t<\/div>\n\t\t<\/div>\n\t\t\t\t<div class=\"elementor-column elementor-col-66 elementor-top-column elementor-element elementor-element-d3a6758\" data-id=\"d3a6758\" data-element_type=\"column\" data-e-type=\"column\">\n\t\t\t<div class=\"elementor-widget-wrap elementor-element-populated\">\n\t\t\t\t\t\t<div class=\"elementor-element elementor-element-0c7e935 elementor-widget elementor-widget-video\" data-id=\"0c7e935\" data-element_type=\"widget\" data-e-type=\"widget\" data-settings=\"{&quot;youtube_url&quot;:&quot;https:\\\/\\\/youtu.be\\\/sU6bsTKUSWc&quot;,&quot;video_type&quot;:&quot;youtube&quot;,&quot;controls&quot;:&quot;yes&quot;}\" data-widget_type=\"video.default\">\n\t\t\t\t<div class=\"elementor-widget-container\">\n\t\t\t\t\t\t\t<div class=\"elementor-wrapper elementor-open-inline\">\n\t\t\t<div class=\"elementor-video\"><\/div>\t\t<\/div>\n\t\t\t\t\t\t<\/div>\n\t\t\t\t<\/div>\n\t\t\t\t<div class=\"elementor-element elementor-element-bb33cc6 elementor-widget elementor-widget-text-editor\" data-id=\"bb33cc6\" data-element_type=\"widget\" data-e-type=\"widget\" data-widget_type=\"text-editor.default\">\n\t\t\t\t<div class=\"elementor-widget-container\">\n\t\t\t\t\t\t\t\t\t<p><em>*Aucune l\u00e9gende n\u00e9cessaire: Le seul son du vid\u00e9o est la musique du fond.<\/em><\/p>\t\t\t\t\t\t\t\t<\/div>\n\t\t\t\t<\/div>\n\t\t\t\t\t<\/div>\n\t\t<\/div>\n\t\t\t\t\t<\/div>\n\t\t<\/section>\n\t\t\t\t<section class=\"elementor-section elementor-top-section elementor-element elementor-element-186ae2c elementor-section-boxed elementor-section-height-default elementor-section-height-default\" data-id=\"186ae2c\" data-element_type=\"section\" data-e-type=\"section\">\n\t\t\t\t\t\t<div class=\"elementor-container elementor-column-gap-default\">\n\t\t\t\t\t<div class=\"elementor-column elementor-col-100 elementor-top-column elementor-element elementor-element-d991f99\" data-id=\"d991f99\" data-element_type=\"column\" data-e-type=\"column\">\n\t\t\t<div class=\"elementor-widget-wrap elementor-element-populated\">\n\t\t\t\t\t\t<div class=\"elementor-element elementor-element-e8f7325 elementor-widget elementor-widget-text-editor\" data-id=\"e8f7325\" data-element_type=\"widget\" data-e-type=\"widget\" data-widget_type=\"text-editor.default\">\n\t\t\t\t<div class=\"elementor-widget-container\">\n\t\t\t\t\t\t\t\t\t<p class=\"MsoNormal\"><span style=\"font-size: 13.0pt; line-height: 107%;\">Si vous \u00eates habitu\u00e9 \u00e0 une grande \u00e9picerie ou pr\u00e9f\u00e9rez les march\u00e9s de producteurs locaux, il existe un large \u00e9ventail de possibilit\u00e9s. Markdale abrite quelques restaurants pour tous les go\u00fbts. Certains endroits culinaires uniques, tel que <\/span><a href=\"http:\/\/theflyingchestnutkitchen.com\/\"><span style=\"font-size: 13.0pt; line-height: 107%;\">Flying Chestnut<\/span><\/a><span style=\"font-size: 13.0pt; line-height: 107%;\"> et <\/span><a href=\"https:\/\/www.stadtlanderseigensinnfarm.com\/\"><span style=\"font-size: 13.0pt; line-height: 107%;\">Eigensinn Farm<\/span><\/a><span style=\"font-size: 13.0pt; line-height: 107%;\">, se trouvent \u00e0 proximit\u00e9.<\/span><\/p>\t\t\t\t\t\t\t\t<\/div>\n\t\t\t\t<\/div>\n\t\t\t\t\t<\/div>\n\t\t<\/div>\n\t\t\t\t\t<\/div>\n\t\t<\/section>\n\t\t\t\t<section class=\"elementor-section elementor-top-section elementor-element elementor-element-5be22ed elementor-section-boxed elementor-section-height-default elementor-section-height-default\" data-id=\"5be22ed\" data-element_type=\"section\" data-e-type=\"section\">\n\t\t\t\t\t\t<div class=\"elementor-container elementor-column-gap-default\">\n\t\t\t\t\t<div class=\"elementor-column elementor-col-100 elementor-top-column elementor-element elementor-element-9709b24\" data-id=\"9709b24\" data-element_type=\"column\" data-e-type=\"column\">\n\t\t\t<div class=\"elementor-widget-wrap elementor-element-populated\">\n\t\t\t\t\t\t<div class=\"elementor-element elementor-element-4c12750 elementor-widget elementor-widget-text-editor\" data-id=\"4c12750\" data-element_type=\"widget\" data-e-type=\"widget\" data-widget_type=\"text-editor.default\">\n\t\t\t\t<div class=\"elementor-widget-container\">\n\t\t\t\t\t\t\t\t\t<h3>Croissance continue<\/h3><p>Notre communaut\u00e9 grandit et se d\u00e9veloppe rapidement. Des plans sont d\u00e9j\u00e0 en cours pour construire un nouvel h\u00f4pital ainsi qu\u2019un nouveau b\u00e2timent d\u2019\u00e9cole primaire \u00e0 Markdale. Une grande \u00e9picerie Foodland devrait ouvrir ses portes au centre-ville en f\u00e9vrier 2020. De plus, quelques nouveaux d\u00e9veloppements r\u00e9sidentiels sont actuellement en construction.<\/p>\t\t\t\t\t\t\t\t<\/div>\n\t\t\t\t<\/div>\n\t\t\t\t<div class=\"elementor-element elementor-element-c6f6cd8 elementor-widget elementor-widget-text-editor\" data-id=\"c6f6cd8\" data-element_type=\"widget\" data-e-type=\"widget\" data-widget_type=\"text-editor.default\">\n\t\t\t\t<div class=\"elementor-widget-container\">\n\t\t\t\t\t\t\t\t\t<h3>Communaut\u00e9<\/h3><p>Le c\u0153ur de <a href=\"https:\/\/en.wikipedia.org\/wiki\/Markdale,_Ontario\">Markdale<\/a> se trouve dans le sens de la communaut\u00e9 que les gens nourrissent continuellement. Ici, les gens ont une riche histoire de rassemblement et de soutien mutuel, faisant preuve de r\u00e9silience et de force en cas de ralentissement. Les \u00e9v\u00e9nements communautaires sont communs \u00e0 Markdale, notamment le d\u00e9fil\u00e9 annuel du P\u00e8re No\u00ebl, le festival de la bi\u00e8re, la chasse aux \u0153ufs de p\u00e2ques, l\u2019\u00e9bat de Markdale et bien d\u2019autres. De nombreux \u00e9v\u00e9nements locaux sont fi\u00e8rement soutenus par Chapman\u2019s Ice Cream et ses employ\u00e9s.<\/p>\t\t\t\t\t\t\t\t<\/div>\n\t\t\t\t<\/div>\n\t\t\t\t<div class=\"elementor-element elementor-element-1701093 elementor-widget elementor-widget-text-editor\" data-id=\"1701093\" data-element_type=\"widget\" data-e-type=\"widget\" data-widget_type=\"text-editor.default\">\n\t\t\t\t<div class=\"elementor-widget-container\">\n\t\t\t\t\t\t\t\t\t<h3>Logement<\/h3><p>La r\u00e9gion a un large \u00e9ventail d\u2019options de style de vie, de la vie tranquille du village, aux retraites en for\u00eat, au bord de l\u2019eau serein, au travail de votre propre terre, aux minimaisons. Avec l\u2019augmentation des prix de l\u2019immobilier \u00e0 Toronto, il y a une augmentation notable du nombre de personnes qui choisissent de d\u00e9m\u00e9nager dans le comt\u00e9 de Grey pour trouver la maison de leurs r\u00eaves et fonder leur famille. La vie \u00e0 la campagne fait appel \u00e0 beaucoup, avec le rythme de vie plus lent qu\u2019elle offre. Il permet d\u2019\u00e9chapper \u00e0 la pollution, aux multiples facteurs de stress, \u00e0 la circulation sans fin et \u00e0 la surpopulation. L\u2019achat d\u2019une maison peut \u00eatre une entreprise de grande envergure, mais des fonds peuvent \u00eatre disponibles pour les premiers acheteurs dans le comt\u00e9 de Grey.<\/p><h3>Chapman&rsquo;s Ice Cream<\/h3><p>Chez Chapman\u2019s, nous fabriquons de la cr\u00e8me glac\u00e9e et des g\u00e2teries glac\u00e9es parfaitement d\u00e9licieuses depuis 1973. Aujourd\u2019hui, nous sommes le plus grand fabricant de cr\u00e8me glac\u00e9e ind\u00e9pendant au Canada. Notre gamme de produits comprend plus de 280 friandises surgel\u00e9es \u2013 y compris de la cr\u00e8me glac\u00e9e de qualit\u00e9 sup\u00e9rieure, du yogourt glac\u00e9, du sorbet, de l\u2019eau glac\u00e9e Lolly et une gamme de nouveaut\u00e9s. Chapman\u2019s est toujours \u00e0 la recherche de personnes talentueuses pour se joindre \u00e0 notre \u00e9quipe grandissante. Pour plus d\u2019informations sur les opportunit\u00e9s de carri\u00e8re chez Chapman\u2019s, veuillez <a href=\"https:\/\/www.chapmans.ca\/fr\/emplois-markdale-ontario\/\">cliquer ici<\/a>.<\/p>\t\t\t\t\t\t\t\t<\/div>\n\t\t\t\t<\/div>\n\t\t\t\t\t<\/div>\n\t\t<\/div>\n\t\t\t\t\t<\/div>\n\t\t<\/section>\n\t\t\t\t<\/div>\n\t\t","protected":false},"excerpt":{"rendered":"<p>Come Work and Live Here La petite communaut\u00e9 de Markdale, au nord-ouest de Toronto, abrite le complexe de Chapman\u2019s Ice Cream. Markdale est au c\u0153ur du pittoresque comt\u00e9 de Grey de l\u2019Ontario, situ\u00e9 au centre des villes d\u2019Owen Sound, de Hanover, de Collingwood et de Shelburne. Markdale, Ontario Cette r\u00e9gion est connue pour ses sites [&hellip;]<\/p>\n","protected":false},"author":5,"featured_media":0,"parent":0,"menu_order":64,"comment_status":"closed","ping_status":"closed","template":"","meta":{"_acf_changed":false,"footnotes":""},"class_list":["post-6293","page","type-page","status-publish","hentry"],"acf":[],"_links":{"self":[{"href":"https:\/\/www.chapmans.ca\/fr\/wp-json\/wp\/v2\/pages\/6293","targetHints":{"allow":["GET"]}}],"collection":[{"href":"https:\/\/www.chapmans.ca\/fr\/wp-json\/wp\/v2\/pages"}],"about":[{"href":"https:\/\/www.chapmans.ca\/fr\/wp-json\/wp\/v2\/types\/page"}],"author":[{"embeddable":true,"href":"https:\/\/www.chapmans.ca\/fr\/wp-json\/wp\/v2\/users\/5"}],"replies":[{"embeddable":true,"href":"https:\/\/www.chapmans.ca\/fr\/wp-json\/wp\/v2\/comments?post=6293"}],"version-history":[{"count":0,"href":"https:\/\/www.chapmans.ca\/fr\/wp-json\/wp\/v2\/pages\/6293\/revisions"}],"wp:attachment":[{"href":"https:\/\/www.chapmans.ca\/fr\/wp-json\/wp\/v2\/media?parent=6293"}],"curies":[{"name":"wp","href":"https:\/\/api.w.org\/{rel}","templated":true}]}}