{"id":6065,"date":"2020-02-12T22:25:59","date_gmt":"2020-02-12T22:25:59","guid":{"rendered":"https:\/\/chapmans.ca\/soutenir-le-caribou\/"},"modified":"2020-02-12T22:26:00","modified_gmt":"2020-02-12T22:26:00","slug":"soutenir-le-caribou","status":"publish","type":"page","link":"https:\/\/www.chapmans.ca\/fr\/soutenir-le-caribou\/","title":{"rendered":"Soutenir le Caribou"},"content":{"rendered":"\t\t<div data-elementor-type=\"wp-post\" data-elementor-id=\"6065\" class=\"elementor elementor-6065 elementor-5303\" data-elementor-post-type=\"page\">\n\t\t\t\t\t\t<section class=\"elementor-section elementor-top-section elementor-element elementor-element-3cfd751d elementor-section-boxed elementor-section-height-default elementor-section-height-default\" data-id=\"3cfd751d\" data-element_type=\"section\" data-e-type=\"section\">\n\t\t\t\t\t\t<div class=\"elementor-container elementor-column-gap-default\">\n\t\t\t\t\t<div class=\"elementor-column elementor-col-100 elementor-top-column elementor-element elementor-element-284554ee\" data-id=\"284554ee\" data-element_type=\"column\" data-e-type=\"column\">\n\t\t\t<div class=\"elementor-widget-wrap elementor-element-populated\">\n\t\t\t\t\t\t<div class=\"elementor-element elementor-element-abcaa72 elementor-widget elementor-widget-text-editor\" data-id=\"abcaa72\" data-element_type=\"widget\" data-e-type=\"widget\" data-widget_type=\"text-editor.default\">\n\t\t\t\t<div class=\"elementor-widget-container\">\n\t\t\t\t\t\t\t\t\t<h1>Notre Soutien Aux Programmes de Protection du Caribou du Canada<\/h1>\n<p>Cette ann\u00e9e, Chapman\u2019s a lanc\u00e9 une nouvelle barre de cr\u00e8me glac\u00e9e d\u00e9di\u00e9e au majestueux caribou canadien \u2013 Caribou croustillants de la collection Yukon. 25 cents de chaque bo\u00eete de ce produit Chapman\u2019s vendus \u00e0 travers le Canada seront vers\u00e9s aux efforts continus de protection du caribou par la Soci\u00e9t\u00e9 pour la nature et les parcs du Canada.<\/p>\n<h5>\u201cDe nombreux Canadiens reconnaissent qu\u2019il est de notre responsabilit\u00e9 de prot\u00e9ger la biodiversit\u00e9 de notre grand pays pour les g\u00e9n\u00e9rations futures, et nous voulons contribuer \u00e0 ce processus et attirer l\u2019attention sur la d\u00e9t\u00e9rioration continue de la faune du Canada\u00a0\u00bb Ashley Chapman, vice-pr\u00e9sident de la Cr\u00e8me Glac\u00e9e Chapman\u2019s.<\/h5>\n<p>Toutes les populations de caribous \u00e0 travers le pays sont d\u00e9sormais class\u00e9es \u00ab en voie de disparition \u00bb en vertu de la Loi sur les esp\u00e8ces en p\u00e9ril du Canada. Les scientifiques sont particuli\u00e8rement pr\u00e9occup\u00e9s par la vitesse \u00e0 laquelle ces populations d\u00e9clinent. Les experts craignent que certaines populations ne puissent pas survivre aux menaces auxquelles elles sont confront\u00e9es. Canadian Geographic a cr\u00e9\u00e9 une carte pour visualiser la r\u00e9duction de la population.<\/p>\n<p>Avec 13 sections \u00e0 travers le Canada, la SNAP s\u2019est concentr\u00e9e sur l\u2019\u00e9laboration de mesures de conservation pour le caribou des bois bor\u00e9al sur les terres publiques, y compris celles lou\u00e9es \u00e0 des soci\u00e9t\u00e9s de ressources. La SNAP travaille avec les provinces, les territoires et le gouvernement f\u00e9d\u00e9ral, les entreprises progressistes, les collectivit\u00e9s locales et les Premi\u00e8res Nations pour prot\u00e9ger d\u2019importants paysages \u00e9cologiques et culturels.<\/p>\n<p>Selon la SNAP : \u00ab\u00a0Le caribou est vuln\u00e9rable \u00e0 une fragmentation importante ou \u00e0 des dommages \u00e0 son habitat, ce qui l\u2019expose \u00e0 davantage de pr\u00e9dateurs et diminue son acc\u00e8s aux sources de nourriture. \u00c0 mesure que le climat change, les pressions naturelles comme les incendies et les ravageurs peuvent \u00e9galement entra\u00eener une augmentation des jeunes for\u00eats ou d\u2019autres impacts sur leur habitat, amplifiant encore les impacts humains directs sur le paysage.\u00a0\u00bb<\/p>\n<p>Nous sommes fiers de travailler avec la SNAP et esp\u00e9rons que notre contribution les aidera \u00e0 atteindre leurs objectifs ambitieux. Nous esp\u00e9rons que les Canadiens appuieront notre initiative.<\/p>\n\t\t\t\t\t\t\t\t<\/div>\n\t\t\t\t<\/div>\n\t\t\t\t\t<\/div>\n\t\t<\/div>\n\t\t\t\t\t<\/div>\n\t\t<\/section>\n\t\t\t\t<\/div>\n\t\t","protected":false},"excerpt":{"rendered":"<p>Notre Soutien Aux Programmes de Protection du Caribou du Canada Cette ann\u00e9e, Chapman\u2019s a lanc\u00e9 une nouvelle barre de cr\u00e8me glac\u00e9e d\u00e9di\u00e9e au majestueux caribou canadien \u2013 Caribou croustillants de la collection Yukon. 25 cents de chaque bo\u00eete de ce produit Chapman\u2019s vendus \u00e0 travers le Canada seront vers\u00e9s aux efforts continus de protection du [&hellip;]<\/p>\n","protected":false},"author":5,"featured_media":4825,"parent":0,"menu_order":62,"comment_status":"closed","ping_status":"closed","template":"","meta":{"_acf_changed":false,"footnotes":""},"class_list":["post-6065","page","type-page","status-publish","has-post-thumbnail","hentry"],"acf":[],"_links":{"self":[{"href":"https:\/\/www.chapmans.ca\/fr\/wp-json\/wp\/v2\/pages\/6065","targetHints":{"allow":["GET"]}}],"collection":[{"href":"https:\/\/www.chapmans.ca\/fr\/wp-json\/wp\/v2\/pages"}],"about":[{"href":"https:\/\/www.chapmans.ca\/fr\/wp-json\/wp\/v2\/types\/page"}],"author":[{"embeddable":true,"href":"https:\/\/www.chapmans.ca\/fr\/wp-json\/wp\/v2\/users\/5"}],"replies":[{"embeddable":true,"href":"https:\/\/www.chapmans.ca\/fr\/wp-json\/wp\/v2\/comments?post=6065"}],"version-history":[{"count":0,"href":"https:\/\/www.chapmans.ca\/fr\/wp-json\/wp\/v2\/pages\/6065\/revisions"}],"wp:featuredmedia":[{"embeddable":true,"href":"https:\/\/www.chapmans.ca\/fr\/wp-json\/wp\/v2\/media\/4825"}],"wp:attachment":[{"href":"https:\/\/www.chapmans.ca\/fr\/wp-json\/wp\/v2\/media?parent=6065"}],"curies":[{"name":"wp","href":"https:\/\/api.w.org\/{rel}","templated":true}]}}