{"id":4671,"date":"2019-03-22T19:04:20","date_gmt":"2019-03-22T19:04:20","guid":{"rendered":"https:\/\/www.chapmans.ca\/emplois\/appliquer-maintenant\/"},"modified":"2021-03-16T13:02:37","modified_gmt":"2021-03-16T13:02:37","slug":"appliquer-maintenant","status":"publish","type":"page","link":"https:\/\/www.chapmans.ca\/fr\/emplois-markdale-ontario\/appliquer-maintenant\/","title":{"rendered":"Appliquer Maintenant"},"content":{"rendered":"\t\t<div data-elementor-type=\"wp-post\" data-elementor-id=\"4671\" class=\"elementor elementor-4671 elementor-228\" data-elementor-post-type=\"page\">\n\t\t\t\t\t\t<section class=\"elementor-section elementor-top-section elementor-element elementor-element-3e0b6696 elementor-section-boxed elementor-section-height-default elementor-section-height-default\" data-id=\"3e0b6696\" data-element_type=\"section\" data-e-type=\"section\">\n\t\t\t\t\t\t<div class=\"elementor-container elementor-column-gap-default\">\n\t\t\t\t\t<div class=\"elementor-column elementor-col-100 elementor-top-column elementor-element elementor-element-70cc1a1c\" data-id=\"70cc1a1c\" data-element_type=\"column\" data-e-type=\"column\">\n\t\t\t<div class=\"elementor-widget-wrap elementor-element-populated\">\n\t\t\t\t\t\t<div class=\"elementor-element elementor-element-4127a833 elementor-widget elementor-widget-text-editor\" data-id=\"4127a833\" data-element_type=\"widget\" data-e-type=\"widget\" data-widget_type=\"text-editor.default\">\n\t\t\t\t<div class=\"elementor-widget-container\">\n\t\t\t\t\t\t\t\t\t<p>Chapman\u2019s est toujours \u00e0 la recherche de talents \u00e0 int\u00e9grer \u00e0 son \u00e9quipe grandissante.<\/p>\n\n<div class=\"wpcf7 no-js\" id=\"wpcf7-f4794-o1\" lang=\"fr-FR\" dir=\"ltr\" data-wpcf7-id=\"4794\">\n<div class=\"screen-reader-response\"><p role=\"status\" aria-live=\"polite\" aria-atomic=\"true\"><\/p> <ul><\/ul><\/div>\n<form action=\"\/fr\/wp-json\/wp\/v2\/pages\/4671#wpcf7-f4794-o1\" method=\"post\" class=\"wpcf7-form init\" aria-label=\"Formulaire de contact\" enctype=\"multipart\/form-data\" novalidate=\"novalidate\" data-status=\"init\">\n<fieldset class=\"hidden-fields-container\"><input type=\"hidden\" name=\"_wpcf7\" value=\"4794\" \/><input type=\"hidden\" name=\"_wpcf7_version\" value=\"6.1.5\" \/><input type=\"hidden\" name=\"_wpcf7_locale\" value=\"fr_FR\" \/><input type=\"hidden\" name=\"_wpcf7_unit_tag\" value=\"wpcf7-f4794-o1\" \/><input type=\"hidden\" name=\"_wpcf7_container_post\" value=\"0\" \/><input type=\"hidden\" name=\"_wpcf7_posted_data_hash\" value=\"\" \/>\n<\/fieldset>\n<div style=\"max-width: 600px; margin: 30px auto;\">\n\t<p><label for=\"apply-full-name\">Nom* <span class=\"wpcf7-form-control-wrap\" data-name=\"full-name\"><input size=\"40\" maxlength=\"400\" class=\"wpcf7-form-control wpcf7-text wpcf7-validates-as-required\" id=\"apply-full-name\" aria-required=\"true\" aria-invalid=\"false\" value=\"\" type=\"text\" name=\"full-name\" \/><\/span> <\/label>\n\t<\/p>\n\t<p><label for=\"apply-email\">Courriel* <span class=\"wpcf7-form-control-wrap\" data-name=\"email\"><input size=\"40\" maxlength=\"400\" class=\"wpcf7-form-control wpcf7-email wpcf7-validates-as-required wpcf7-text wpcf7-validates-as-email\" id=\"apply-email\" aria-required=\"true\" aria-invalid=\"false\" value=\"\" type=\"email\" name=\"email\" \/><\/span> <\/label>\n\t<\/p>\n\t<p><label for=\"apply-phone\">T\u00e9l\u00e9phone* <span class=\"wpcf7-form-control-wrap\" data-name=\"phone\"><input size=\"40\" maxlength=\"400\" class=\"wpcf7-form-control wpcf7-tel wpcf7-validates-as-required wpcf7-text wpcf7-validates-as-tel\" id=\"apply-phone\" aria-required=\"true\" aria-invalid=\"false\" value=\"\" type=\"tel\" name=\"phone\" \/><\/span> <\/label>\n\t<\/p>\n\t<p><label for=\"apply-city\">Ville* <span class=\"wpcf7-form-control-wrap\" data-name=\"city\"><input size=\"40\" maxlength=\"400\" class=\"wpcf7-form-control wpcf7-text wpcf7-validates-as-required\" id=\"apply-city\" aria-required=\"true\" aria-invalid=\"false\" value=\"\" type=\"text\" name=\"city\" \/><\/span> <\/label>\n\t<\/p>\n\t<p><label for=\"province\">Province* <span class=\"wpcf7-form-control-wrap\" data-name=\"provinces\"><select class=\"wpcf7-form-control wpcf7-select wpcf7-validates-as-required\" id=\"province\" aria-required=\"true\" aria-invalid=\"false\" name=\"provinces\"><option value=\"\">&#8212;Veuillez choisir une option&#8212;<\/option><option value=\"Alberta\">Alberta<\/option><option value=\"Colombie-Britannique\">Colombie-Britannique<\/option><option value=\"\u00cele-du-Prince-\u00c9douard\">\u00cele-du-Prince-\u00c9douard<\/option><option value=\"Manitoba\">Manitoba<\/option><option value=\"Nouveau-Brunswick\">Nouveau-Brunswick<\/option><option value=\"Nouvelle-\u00c9cosse\">Nouvelle-\u00c9cosse<\/option><option value=\"Ontario\">Ontario<\/option><option value=\"Qu\u00e9bec\">Qu\u00e9bec<\/option><option value=\"Saskatchewan\">Saskatchewan<\/option><option value=\"Terre-Neuve-et-Labrador\">Terre-Neuve-et-Labrador<\/option><option value=\"Nunavut\">Nunavut<\/option><option value=\"Territoires du Nord-Ouest\">Territoires du Nord-Ouest<\/option><option value=\"Yukon\">Yukon<\/option><\/select><\/span><\/label>\n\t<\/p>\n\t<p><label for=\"apply-position\">Demande de poste pour* <span class=\"wpcf7-form-control-wrap\" data-name=\"position\"><input size=\"40\" maxlength=\"400\" class=\"wpcf7-form-control wpcf7-text wpcf7-validates-as-required\" id=\"apply-position\" aria-required=\"true\" aria-invalid=\"false\" value=\"\" type=\"text\" name=\"position\" \/><\/span><\/label>\n\t<\/p>\n\t<div class=\"check-wrap\">\n\t\t<p>Certains postes (Travailleur \u00e0 la cha\u00eene de production) impliquent un travail par \u00e9quipes ou de<br \/>\nnuit. \u00cates-vous dispos\u00e9 \u00e0 travailler par \u00e9quipe et\/ou de nuit?*\n\t\t<\/p>\n\t<\/div>\n\t<p><span class=\"wpcf7-form-control-wrap shifts wpcf7-custom\"><span class=\"wpcf7-form-control wpcf7-customradio wpcf7-validates-as-required\" id=\"shifts\"><label for=\"shiftsOui\"><input id=\"shiftsOui\" name=\"shifts\" type=\"radio\" value=\"Oui\" required aria-required=\"true\" \/>Oui<span class=\"screen-reader-text visually-hidden\">, je suis dispos\u00e9 \u00e0 travailler par \u00e9quipe et\/ou de nuit<\/span><\/label><label for=\"shiftsNon\"><input id=\"shiftsNon\" name=\"shifts\" type=\"radio\" value=\"Non\" required aria-required=\"true\" \/>Non<span class=\"screen-reader-text visually-hidden\">, je ne suis pas dispos\u00e9 \u00e0 travailler par \u00e9quipe et\/ou de nuit<\/span><\/label><\/span><\/span>\n\t<\/p>\n\t<div class=\"check-wrap\">\n\t\t<p>Avez-vous un moyen de transport fiable pour vous rendre \u00e0 l\u2019usine Chapman\u2019s de Markdale, Ontario, et en revenir?*\n\t\t<\/p>\n\t<\/div>\n\t<p><span class=\"wpcf7-form-control-wrap transportation wpcf7-custom\"><span class=\"wpcf7-form-control wpcf7-customradio wpcf7-validates-as-required\" id=\"transportation\"><label for=\"transportationOui\"><input id=\"transportationOui\" name=\"transportation\" type=\"radio\" value=\"Oui\" required aria-required=\"true\" \/>Oui<span class=\"screen-reader-text visually-hidden\">, j&rsquo;ai un moyen de transport fiable pour vous rendre \u00e0 l\u2019usine Chapman\u2019s de Markdale, Ontario<\/span><\/label><label for=\"transportationNon\"><input id=\"transportationNon\" name=\"transportation\" type=\"radio\" value=\"Non\" required aria-required=\"true\" \/>Non<span class=\"screen-reader-text visually-hidden\">, je n&rsquo;ai pas un moyen de transport fiable pour vous rendre \u00e0 l\u2019usine Chapman\u2019s de Markdale, Ontario<\/span><\/label><\/span><\/span>\n\t<\/p>\n\t<p><label for=\"more-detail\">Si non, veuillez nous fournir plus de d\u00e9tails\u00a0: <span class=\"wpcf7-form-control-wrap\" data-name=\"more-detail\"><textarea cols=\"40\" rows=\"10\" maxlength=\"2000\" class=\"wpcf7-form-control wpcf7-textarea\" id=\"more-detail\" aria-invalid=\"false\" name=\"more-detail\"><\/textarea><\/span><\/label>\n\t<\/p>\n\t<div class=\"check-wrap\">\n\t\t<p>Vivez-vous \u00e0 moins de 100\u00a0km de l\u2019usine Chapman\u2019s de Markdale, dans l\u2019Ontario?*\n\t\t<\/p>\n\t<\/div>\n\t<p><span class=\"wpcf7-form-control-wrap radius wpcf7-custom\"><span class=\"wpcf7-form-control wpcf7-customradio wpcf7-validates-as-required\" id=\"radius\"><label for=\"radiusOui\"><input id=\"radiusOui\" name=\"radius\" type=\"radio\" value=\"Oui\" required aria-required=\"true\" \/>Oui<span class=\"screen-reader-text visually-hidden\">, j&rsquo;habite \u00e0 moins de 100 km de l\u2019usine Chapman\u2019s de Markdale, dans l\u2019Ontario<\/span><\/label><label for=\"radiusNon\"><input id=\"radiusNon\" name=\"radius\" type=\"radio\" value=\"Non\" required aria-required=\"true\" \/>Non<span class=\"screen-reader-text visually-hidden\">, je n&rsquo;habite pas \u00e0 moins de 100 km de l\u2019usine Chapman\u2019s de Markdale, dans l\u2019Ontario<\/span><\/label><\/span><\/span>\n\t<\/p>\n\t<div class=\"check-wrap\">\n\t\t<p>Si non, \u00eates-vous pr\u00eat \u00e0 d\u00e9m\u00e9nager?*\n\t\t<\/p>\n\t<\/div>\n\t<p><span class=\"wpcf7-form-control-wrap relocate wpcf7-custom\"><span class=\"wpcf7-form-control wpcf7-customradio wpcf7-validates-as-required\" id=\"relocate\"><label for=\"relocateOui\"><input id=\"relocateOui\" name=\"relocate\" type=\"radio\" value=\"Oui\" required aria-required=\"true\" \/>Oui<span class=\"screen-reader-text visually-hidden\">, je suis pr\u00eat \u00e0 d\u00e9m\u00e9nager<\/span><\/label><label for=\"relocateNon\"><input id=\"relocateNon\" name=\"relocate\" type=\"radio\" value=\"Non\" required aria-required=\"true\" \/>Non<span class=\"screen-reader-text visually-hidden\">, je suis pas pr\u00eat \u00e0 d\u00e9m\u00e9nager<\/span><\/label><\/span><\/span>\n\t<\/p>\n\t<p><label for=\"resume\">*Veuillez joindre votre CV au format PDF ou Word\u00a0:* <span class=\"wpcf7-form-control-wrap\" data-name=\"resume\"><input size=\"40\" class=\"wpcf7-form-control wpcf7-file wpcf7-validates-as-required\" id=\"resume\" accept=\".pdf,.doc\" aria-required=\"true\" aria-invalid=\"false\" type=\"file\" name=\"resume\" \/><\/span><\/label>\n\t<\/p>\n\t<p><label for=\"message\">Message: <span class=\"wpcf7-form-control-wrap\" data-name=\"message\"><textarea cols=\"40\" rows=\"10\" maxlength=\"2000\" class=\"wpcf7-form-control wpcf7-textarea\" id=\"message\" aria-invalid=\"false\" name=\"message\"><\/textarea><\/span><\/label>\n\t<\/p>\n\t<p>*Champs obligatoires\n\t<\/p>\n\t<p><input class=\"wpcf7-form-control wpcf7-submit has-spinner button\" type=\"submit\" value=\"D\u00e9posez votre candidature maintenant\" \/>\n\t<\/p>\n<\/div><p style=\"display: none !important;\" class=\"akismet-fields-container\" data-prefix=\"_wpcf7_ak_\"><label>&#916;<textarea name=\"_wpcf7_ak_hp_textarea\" cols=\"45\" rows=\"8\" maxlength=\"100\"><\/textarea><\/label><input type=\"hidden\" id=\"ak_js_1\" name=\"_wpcf7_ak_js\" value=\"32\"\/><script>document.getElementById( \"ak_js_1\" ).setAttribute( \"value\", ( new Date() ).getTime() );<\/script><\/p><div class=\"wpcf7-response-output\" aria-hidden=\"true\"><\/div>\n<\/form>\n<\/div>\n\n\t\t\t\t\t\t\t\t<\/div>\n\t\t\t\t<\/div>\n\t\t\t\t\t<\/div>\n\t\t<\/div>\n\t\t\t\t\t<\/div>\n\t\t<\/section>\n\t\t\t\t<\/div>\n\t\t","protected":false},"excerpt":{"rendered":"<p>Chapman\u2019s est toujours \u00e0 la recherche de talents \u00e0 int\u00e9grer \u00e0 son \u00e9quipe grandissante.<\/p>\n","protected":false},"author":5,"featured_media":0,"parent":4335,"menu_order":83,"comment_status":"closed","ping_status":"closed","template":"template-reduced-width.php","meta":{"_acf_changed":false,"footnotes":""},"class_list":["post-4671","page","type-page","status-publish","hentry"],"acf":[],"_links":{"self":[{"href":"https:\/\/www.chapmans.ca\/fr\/wp-json\/wp\/v2\/pages\/4671","targetHints":{"allow":["GET"]}}],"collection":[{"href":"https:\/\/www.chapmans.ca\/fr\/wp-json\/wp\/v2\/pages"}],"about":[{"href":"https:\/\/www.chapmans.ca\/fr\/wp-json\/wp\/v2\/types\/page"}],"author":[{"embeddable":true,"href":"https:\/\/www.chapmans.ca\/fr\/wp-json\/wp\/v2\/users\/5"}],"replies":[{"embeddable":true,"href":"https:\/\/www.chapmans.ca\/fr\/wp-json\/wp\/v2\/comments?post=4671"}],"version-history":[{"count":0,"href":"https:\/\/www.chapmans.ca\/fr\/wp-json\/wp\/v2\/pages\/4671\/revisions"}],"up":[{"embeddable":true,"href":"https:\/\/www.chapmans.ca\/fr\/wp-json\/wp\/v2\/pages\/4335"}],"wp:attachment":[{"href":"https:\/\/www.chapmans.ca\/fr\/wp-json\/wp\/v2\/media?parent=4671"}],"curies":[{"name":"wp","href":"https:\/\/api.w.org\/{rel}","templated":true}]}}