{"id":4488,"date":"2019-03-22T18:37:02","date_gmt":"2019-03-22T22:37:02","guid":{"rendered":"https:\/\/www.chapmans.ca\/recettes\/"},"modified":"2022-09-27T20:51:20","modified_gmt":"2022-09-27T20:51:20","slug":"recettes","status":"publish","type":"page","link":"https:\/\/www.chapmans.ca\/fr\/recettes\/","title":{"rendered":"Recettes Chapman\u2019s"},"content":{"rendered":"\t\t<div data-elementor-type=\"wp-post\" data-elementor-id=\"4488\" class=\"elementor elementor-4488 elementor-211\" data-elementor-post-type=\"page\">\n\t\t\t\t\t\t<section class=\"elementor-section elementor-top-section elementor-element elementor-element-5d3c3993 elementor-section-boxed elementor-section-height-default elementor-section-height-default\" data-id=\"5d3c3993\" data-element_type=\"section\" data-e-type=\"section\">\n\t\t\t\t\t\t<div class=\"elementor-container elementor-column-gap-default\">\n\t\t\t\t\t<div class=\"elementor-column elementor-col-100 elementor-top-column elementor-element elementor-element-7732243f\" data-id=\"7732243f\" data-element_type=\"column\" data-e-type=\"column\">\n\t\t\t<div class=\"elementor-widget-wrap elementor-element-populated\">\n\t\t\t\t\t\t<div class=\"elementor-element elementor-element-733e2f4e elementor-widget elementor-widget-text-editor\" data-id=\"733e2f4e\" data-element_type=\"widget\" data-e-type=\"widget\" data-widget_type=\"text-editor.default\">\n\t\t\t\t<div class=\"elementor-widget-container\">\n\t\t\t\t\t\t\t\t\t<h1>Recettes Chapman\u2019s<\/h1><p>D\u2019une simple boule \u00e0 une coupe glac\u00e9e maison et plus encore, vous ne pouvez vous tromper en servant de la cr\u00e8me glac\u00e9e au dessert. Et apr\u00e8s plus de 45 ans consacr\u00e9s \u00e0 fabriquer les cr\u00e8mes et yogourts glac\u00e9s ainsi que les sorbets aux fruits rafra\u00eechissants les plus vendus au Canada, Chapman\u2019s sait comment transformer nos g\u00e2teries glac\u00e9es en un d\u00e9lice vraiment inoubliable.<\/p><p><span style=\"font-size: 20px;\">Si vous pr\u00e9voyez d\u2019accueillir du monde cet \u00e9t\u00e9, d\u00e9tendez-vous et parcourez nos recettes pr\u00e9f\u00e9r\u00e9es pour r\u00e9aliser facilement des g\u00e2teaux et des biscuits, des cocktails sans alcool, du lait fouett\u00e9 et autres cr\u00e9ations \u00e0 base de cr\u00e8me glac\u00e9e pour les personnes souffrant d\u2019allergies ou de restrictions alimentaires.<br \/>Puis criez : \u00ab Qui veut une glace? \u00bb et voyez qui arrive au galop!<br \/><\/span><\/p>\t\t\t\t\t\t\t\t<\/div>\n\t\t\t\t<\/div>\n\t\t\t\t\t<\/div>\n\t\t<\/div>\n\t\t\t\t\t<\/div>\n\t\t<\/section>\n\t\t\t\t<\/div>\n\t\t","protected":false},"excerpt":{"rendered":"<p>Recettes Chapman\u2019s D\u2019une simple boule \u00e0 une coupe glac\u00e9e maison et plus encore, vous ne pouvez vous tromper en servant de la cr\u00e8me glac\u00e9e au dessert. Et apr\u00e8s plus de 45 ans consacr\u00e9s \u00e0 fabriquer les cr\u00e8mes et yogourts glac\u00e9s ainsi que les sorbets aux fruits rafra\u00eechissants les plus vendus au Canada, Chapman\u2019s sait comment [&hellip;]<\/p>\n","protected":false},"author":5,"featured_media":22492,"parent":0,"menu_order":95,"comment_status":"closed","ping_status":"closed","template":"template-recipe-landing.php","meta":{"_acf_changed":false,"footnotes":""},"class_list":["post-4488","page","type-page","status-publish","has-post-thumbnail","hentry"],"acf":[],"_links":{"self":[{"href":"https:\/\/www.chapmans.ca\/fr\/wp-json\/wp\/v2\/pages\/4488","targetHints":{"allow":["GET"]}}],"collection":[{"href":"https:\/\/www.chapmans.ca\/fr\/wp-json\/wp\/v2\/pages"}],"about":[{"href":"https:\/\/www.chapmans.ca\/fr\/wp-json\/wp\/v2\/types\/page"}],"author":[{"embeddable":true,"href":"https:\/\/www.chapmans.ca\/fr\/wp-json\/wp\/v2\/users\/5"}],"replies":[{"embeddable":true,"href":"https:\/\/www.chapmans.ca\/fr\/wp-json\/wp\/v2\/comments?post=4488"}],"version-history":[{"count":0,"href":"https:\/\/www.chapmans.ca\/fr\/wp-json\/wp\/v2\/pages\/4488\/revisions"}],"wp:featuredmedia":[{"embeddable":true,"href":"https:\/\/www.chapmans.ca\/fr\/wp-json\/wp\/v2\/media\/22492"}],"wp:attachment":[{"href":"https:\/\/www.chapmans.ca\/fr\/wp-json\/wp\/v2\/media?parent=4488"}],"curies":[{"name":"wp","href":"https:\/\/api.w.org\/{rel}","templated":true}]}}