{"id":4487,"date":"2019-03-22T18:37:28","date_gmt":"2019-03-22T22:37:28","guid":{"rendered":"https:\/\/www.chapmans.ca\/?page_id=4487"},"modified":"2023-02-21T14:41:07","modified_gmt":"2023-02-21T19:41:07","slug":"sante-et-allergies","status":"publish","type":"page","link":"https:\/\/www.chapmans.ca\/fr\/sante-et-allergies\/","title":{"rendered":"Sant\u00e9 et allergies"},"content":{"rendered":"<p>Chez Chapman\u2019s, nous ne plaisantons pas avec nos produits sans allerg\u00e8nes afin que vous puissiez vous d\u00e9tendre et savourer une d\u00e9licieuse g\u00e2terie glac\u00e9e quels que soient vos besoins alimentaires.<\/p>\n<p>Nous sommes fiers d\u2019\u00eatre reconnus comme un chef de file de l\u2019industrie en offrant des friandises congel\u00e9es innovantes, s\u00fbres et d\u00e9licieuses avec notre large s\u00e9lection d\u2019options <a href=\"https:\/\/www.chapmans.ca\/fr\/contenu-attribut\/sans-arachides-sans-noix\/\">sans arachides, sans noix<\/a>, <a href=\"https:\/\/www.chapmans.ca\/fr\/contenu-attribut\/sans-gluten\/\">sans gluten<\/a>, <a href=\"https:\/\/www.chapmans.ca\/fr\/contenu-attribut\/sans-oeufs\/\">sans \u0153ufs<\/a>, <a href=\"https:\/\/www.chapmans.ca\/fr\/contenu-attribut\/sans-lactose\/\">sans lactose<\/a> et <a href=\"https:\/\/www.chapmans.ca\/fr\/contenu-attribut\/sans-sucre-ajoute\/\">sans sucre ajout\u00e9<\/a>. La plupart de nos produits sont \u00e9galement exempts de sulfite, et nous n\u2019utilisons pas de moutarde, de graines de s\u00e9same, de poisson ou de crustac\u00e9s.<\/p>\n<p>Nous avons construit une usine sp\u00e9ciale sans noix, faisons appel \u00e0 des fournisseurs tri\u00e9s sur le volet et contr\u00f4lons nos produits tout au long du processus de fabrication et avant qu\u2019ils quittent notre usine.<\/p>\n<p>Recherchez les symboles sans allerg\u00e8nes faciles \u00e0 lire sur notre emballage!<\/p>\n","protected":false},"excerpt":{"rendered":"<p>Chez Chapman\u2019s, nous ne plaisantons pas avec nos produits sans allerg\u00e8nes afin que vous puissiez vous d\u00e9tendre et savourer une d\u00e9licieuse g\u00e2terie glac\u00e9e quels que soient vos besoins alimentaires. Nous sommes fiers d\u2019\u00eatre reconnus comme un chef de file de l\u2019industrie en offrant des friandises congel\u00e9es innovantes, s\u00fbres et d\u00e9licieuses avec notre large s\u00e9lection d\u2019options [&hellip;]<\/p>\n","protected":false},"author":5,"featured_media":2896,"parent":0,"menu_order":94,"comment_status":"closed","ping_status":"closed","template":"template-taxonomy-select.php","meta":{"_acf_changed":false,"footnotes":""},"class_list":["post-4487","page","type-page","status-publish","has-post-thumbnail","hentry"],"acf":[],"_links":{"self":[{"href":"https:\/\/www.chapmans.ca\/fr\/wp-json\/wp\/v2\/pages\/4487","targetHints":{"allow":["GET"]}}],"collection":[{"href":"https:\/\/www.chapmans.ca\/fr\/wp-json\/wp\/v2\/pages"}],"about":[{"href":"https:\/\/www.chapmans.ca\/fr\/wp-json\/wp\/v2\/types\/page"}],"author":[{"embeddable":true,"href":"https:\/\/www.chapmans.ca\/fr\/wp-json\/wp\/v2\/users\/5"}],"replies":[{"embeddable":true,"href":"https:\/\/www.chapmans.ca\/fr\/wp-json\/wp\/v2\/comments?post=4487"}],"version-history":[{"count":0,"href":"https:\/\/www.chapmans.ca\/fr\/wp-json\/wp\/v2\/pages\/4487\/revisions"}],"wp:featuredmedia":[{"embeddable":true,"href":"https:\/\/www.chapmans.ca\/fr\/wp-json\/wp\/v2\/media\/2896"}],"wp:attachment":[{"href":"https:\/\/www.chapmans.ca\/fr\/wp-json\/wp\/v2\/media?parent=4487"}],"curies":[{"name":"wp","href":"https:\/\/api.w.org\/{rel}","templated":true}]}}