{"id":3947,"date":"2019-03-26T16:38:15","date_gmt":"2019-03-26T20:38:15","guid":{"rendered":"https:\/\/www.chapmans.ca\/produits-service-alimentaires\/"},"modified":"2025-11-19T13:59:13","modified_gmt":"2025-11-19T18:59:13","slug":"produits-service-alimentaires","status":"publish","type":"page","link":"https:\/\/www.chapmans.ca\/fr\/produits-service-alimentaires\/","title":{"rendered":"Cr\u00e8mes et g\u00e2teries glac\u00e9es pour bars laitiers, d\u00e9panneurs, restaurants et plus encore"},"content":{"rendered":"\t\t<div data-elementor-type=\"wp-post\" data-elementor-id=\"3947\" class=\"elementor elementor-3947 elementor-235\" data-elementor-post-type=\"page\">\n\t\t\t\t\t\t<section class=\"elementor-section elementor-top-section elementor-element elementor-element-251e2e28 elementor-section-boxed elementor-section-height-default elementor-section-height-default\" data-id=\"251e2e28\" data-element_type=\"section\" data-e-type=\"section\">\n\t\t\t\t\t\t<div class=\"elementor-container elementor-column-gap-default\">\n\t\t\t\t\t<div class=\"elementor-column elementor-col-100 elementor-top-column elementor-element elementor-element-5af12d49\" data-id=\"5af12d49\" data-element_type=\"column\" data-e-type=\"column\">\n\t\t\t<div class=\"elementor-widget-wrap elementor-element-populated\">\n\t\t\t\t\t\t<div class=\"elementor-element elementor-element-5c2aa07c elementor-widget elementor-widget-text-editor\" data-id=\"5c2aa07c\" data-element_type=\"widget\" data-e-type=\"widget\" data-widget_type=\"text-editor.default\">\n\t\t\t\t<div class=\"elementor-widget-container\">\n\t\t\t\t\t\t\t\t\t<h1>Cr\u00e8mes et g\u00e2teries glac\u00e9es pour bars laitiers, d\u00e9panneurs, restaurants et plus encore<\/h1><p>Que vous soyez un bar laitier estival, un magasin de quartier, un restaurant ou un distributeur alimentaire, vous souhaitez offrir des cr\u00e8mes et g\u00e2teries glac\u00e9es qui pousseront vos clients \u00e0 en redemander.<\/p><p>Chez Chapman\u2019s, nous sommes fiers d\u2019\u00eatre les fournisseurs de cr\u00e8mes et yogourts glac\u00e9s privil\u00e9gi\u00e9s des services alimentaires partout au pays. Nous cr\u00e9ons et produisons une grande vari\u00e9t\u00e9 de g\u00e2teries surgel\u00e9es qui raviront les consommateurs tout en respectant les normes de production les plus exigeantes. Nous proposons un large \u00e9ventail de produits adapt\u00e9s aux exigences alimentaires sp\u00e9ciales \u2013 dont des cr\u00e8mes et g\u00e2teries glac\u00e9es sans arachides et sans noix, sans lactose et sans sucre ajout\u00e9.<\/p><p>Chapman\u2019s est certifi\u00e9 BRC depuis 2011 et a syst\u00e9matiquement obtenu les meilleures notes possibles \u00e0 chaque contr\u00f4le pour le renouvellement de la certification. Nous subissons en outre d\u2019autres contr\u00f4les consommateur, r\u00e9glementaires et tiers, o\u00f9 nous obtenons \u00e9galement d\u2019excellents r\u00e9sultats.<\/p><p>Pour voir nos articles de point de vente, <a href=\"https:\/\/www.chapmans.ca\/wp-content\/uploads\/2025\/11\/Chapmans-2026-Scoop-Shop-POS-Brochure_French_low-res.pdf\" target=\"_blank\" rel=\"noopener\">cliquez ici<\/a>.<\/p><p>Pour voir notre catalogue de produits actuel, <a href=\"https:\/\/www.chapmans.ca\/wp-content\/uploads\/2025\/11\/Chapmans-2026-Product-Catalogue_French_low-res.pdf\" target=\"_blank\" rel=\"noopener\">cliquez ici<\/a>.<\/p><p>Pour plus d\u2019informations sur l\u2019approvisionnement de vos cong\u00e9lateurs avec les meilleures cr\u00e8mes glac\u00e9es du Canada, ou si vous avez besoin d\u2019aide pour trouver nos produits dans votre r\u00e9gion, communiquez avec notre service \u00e0 la client\u00e8le, ou appelez le <a href=\"tel:18002659110\">1-800-265-9110<\/a>.<\/p><p>Ou remplissez le formulaire de demande en ligne <a href=\"\/fr\/nous-rejoindre\/service-alimentaire-ventre-au-detail\/\">ici<\/a>.<\/p>\t\t\t\t\t\t\t\t<\/div>\n\t\t\t\t<\/div>\n\t\t\t\t\t<\/div>\n\t\t<\/div>\n\t\t\t\t\t<\/div>\n\t\t<\/section>\n\t\t\t\t<\/div>\n\t\t","protected":false},"excerpt":{"rendered":"<p>Cr\u00e8mes et g\u00e2teries glac\u00e9es pour bars laitiers, d\u00e9panneurs, restaurants et plus encore Que vous soyez un bar laitier estival, un magasin de quartier, un restaurant ou un distributeur alimentaire, vous souhaitez offrir des cr\u00e8mes et g\u00e2teries glac\u00e9es qui pousseront vos clients \u00e0 en redemander. Chez Chapman\u2019s, nous sommes fiers d\u2019\u00eatre les fournisseurs de cr\u00e8mes et [&hellip;]<\/p>\n","protected":false},"author":5,"featured_media":22289,"parent":0,"menu_order":81,"comment_status":"closed","ping_status":"closed","template":"template-product-landing.php","meta":{"_acf_changed":false,"footnotes":""},"class_list":["post-3947","page","type-page","status-publish","has-post-thumbnail","hentry"],"acf":[],"_links":{"self":[{"href":"https:\/\/www.chapmans.ca\/fr\/wp-json\/wp\/v2\/pages\/3947","targetHints":{"allow":["GET"]}}],"collection":[{"href":"https:\/\/www.chapmans.ca\/fr\/wp-json\/wp\/v2\/pages"}],"about":[{"href":"https:\/\/www.chapmans.ca\/fr\/wp-json\/wp\/v2\/types\/page"}],"author":[{"embeddable":true,"href":"https:\/\/www.chapmans.ca\/fr\/wp-json\/wp\/v2\/users\/5"}],"replies":[{"embeddable":true,"href":"https:\/\/www.chapmans.ca\/fr\/wp-json\/wp\/v2\/comments?post=3947"}],"version-history":[{"count":0,"href":"https:\/\/www.chapmans.ca\/fr\/wp-json\/wp\/v2\/pages\/3947\/revisions"}],"wp:featuredmedia":[{"embeddable":true,"href":"https:\/\/www.chapmans.ca\/fr\/wp-json\/wp\/v2\/media\/22289"}],"wp:attachment":[{"href":"https:\/\/www.chapmans.ca\/fr\/wp-json\/wp\/v2\/media?parent=3947"}],"curies":[{"name":"wp","href":"https:\/\/api.w.org\/{rel}","templated":true}]}}