{"id":29830,"date":"2026-04-15T15:02:27","date_gmt":"2026-04-15T19:02:27","guid":{"rendered":"https:\/\/www.chapmans.ca\/?page_id=29830"},"modified":"2026-04-21T10:46:34","modified_gmt":"2026-04-21T14:46:34","slug":"concours-du-printemps-2026","status":"publish","type":"page","link":"https:\/\/www.chapmans.ca\/fr\/concours-du-printemps-2026\/","title":{"rendered":"Concours du printemps 2026"},"content":{"rendered":"\t\t<div data-elementor-type=\"wp-page\" data-elementor-id=\"29830\" class=\"elementor elementor-29830 elementor-29829\" data-elementor-post-type=\"page\">\n\t\t\t\t\t\t<section class=\"elementor-section elementor-top-section elementor-element elementor-element-3ad6ee5 elementor-section-boxed elementor-section-height-default elementor-section-height-default\" data-id=\"3ad6ee5\" data-element_type=\"section\" data-e-type=\"section\">\n\t\t\t\t\t\t<div class=\"elementor-container elementor-column-gap-default\">\n\t\t\t\t\t<div class=\"elementor-column elementor-col-100 elementor-top-column elementor-element elementor-element-9a55645\" data-id=\"9a55645\" data-element_type=\"column\" data-e-type=\"column\">\n\t\t\t<div class=\"elementor-widget-wrap elementor-element-populated\">\n\t\t\t\t\t\t<div class=\"elementor-element elementor-element-4fec537 elementor-widget elementor-widget-heading\" data-id=\"4fec537\" data-element_type=\"widget\" data-e-type=\"widget\" data-widget_type=\"heading.default\">\n\t\t\t\t<div class=\"elementor-widget-container\">\n\t\t\t\t\t<h1 class=\"elementor-heading-title elementor-size-default\">Concours du printemps<\/h1>\t\t\t\t<\/div>\n\t\t\t\t<\/div>\n\t\t\t\t<div class=\"elementor-element elementor-element-387f8cf elementor-widget elementor-widget-heading\" data-id=\"387f8cf\" data-element_type=\"widget\" data-e-type=\"widget\" data-widget_type=\"heading.default\">\n\t\t\t\t<div class=\"elementor-widget-container\">\n\t\t\t\t\t<h4 class=\"elementor-heading-title elementor-size-default\">Inscrivez-vous ci-dessous pour courir la chance de gagner !<\/h4>\t\t\t\t<\/div>\n\t\t\t\t<\/div>\n\t\t\t\t<div class=\"elementor-element elementor-element-a8f8cd6 elementor-widget elementor-widget-spacer\" data-id=\"a8f8cd6\" data-element_type=\"widget\" data-e-type=\"widget\" data-widget_type=\"spacer.default\">\n\t\t\t\t<div class=\"elementor-widget-container\">\n\t\t\t\t\t\t\t<div class=\"elementor-spacer\">\n\t\t\t<div class=\"elementor-spacer-inner\"><\/div>\n\t\t<\/div>\n\t\t\t\t\t\t<\/div>\n\t\t\t\t<\/div>\n\t\t\t\t\t<\/div>\n\t\t<\/div>\n\t\t\t\t\t<\/div>\n\t\t<\/section>\n\t\t\t\t<section class=\"elementor-section elementor-top-section elementor-element elementor-element-8834964 elementor-section-boxed elementor-section-height-default elementor-section-height-default\" data-id=\"8834964\" data-element_type=\"section\" data-e-type=\"section\">\n\t\t\t\t\t\t<div class=\"elementor-container elementor-column-gap-default\">\n\t\t\t\t\t<div class=\"elementor-column elementor-col-100 elementor-top-column elementor-element elementor-element-ef2bae5\" data-id=\"ef2bae5\" data-element_type=\"column\" data-e-type=\"column\">\n\t\t\t<div class=\"elementor-widget-wrap elementor-element-populated\">\n\t\t\t\t\t\t<div class=\"elementor-element elementor-element-10edc92 elementor-widget elementor-widget-image\" data-id=\"10edc92\" data-element_type=\"widget\" data-e-type=\"widget\" data-widget_type=\"image.default\">\n\t\t\t\t<div class=\"elementor-widget-container\">\n\t\t\t\t\t\t\t\t\t\t\t\t\t\t\t<img fetchpriority=\"high\" decoding=\"async\" width=\"988\" height=\"1024\" src=\"https:\/\/www.chapmans.ca\/wp-content\/uploads\/2026\/04\/spring_giveaway-988x1024.jpg\" class=\"attachment-large size-large wp-image-29812\" alt=\"\" srcset=\"https:\/\/www.chapmans.ca\/wp-content\/uploads\/2026\/04\/spring_giveaway-988x1024.jpg 988w, https:\/\/www.chapmans.ca\/wp-content\/uploads\/2026\/04\/spring_giveaway-290x300.jpg 290w, https:\/\/www.chapmans.ca\/wp-content\/uploads\/2026\/04\/spring_giveaway-768x796.jpg 768w, https:\/\/www.chapmans.ca\/wp-content\/uploads\/2026\/04\/spring_giveaway-434x450.jpg 434w, https:\/\/www.chapmans.ca\/wp-content\/uploads\/2026\/04\/spring_giveaway-850x881.jpg 850w, https:\/\/www.chapmans.ca\/wp-content\/uploads\/2026\/04\/spring_giveaway-58x60.jpg 58w, https:\/\/www.chapmans.ca\/wp-content\/uploads\/2026\/04\/spring_giveaway.jpg 1158w\" sizes=\"(max-width: 988px) 100vw, 988px\" \/>\t\t\t\t\t\t\t\t\t\t\t\t\t\t\t<\/div>\n\t\t\t\t<\/div>\n\t\t\t\t<div class=\"elementor-element elementor-element-de2778f elementor-widget elementor-widget-spacer\" data-id=\"de2778f\" data-element_type=\"widget\" data-e-type=\"widget\" data-widget_type=\"spacer.default\">\n\t\t\t\t<div class=\"elementor-widget-container\">\n\t\t\t\t\t\t\t<div class=\"elementor-spacer\">\n\t\t\t<div class=\"elementor-spacer-inner\"><\/div>\n\t\t<\/div>\n\t\t\t\t\t\t<\/div>\n\t\t\t\t<\/div>\n\t\t\t\t<div class=\"elementor-element elementor-element-af3fbe1 elementor-widget elementor-widget-text-editor\" data-id=\"af3fbe1\" data-element_type=\"widget\" data-e-type=\"widget\" data-widget_type=\"text-editor.default\">\n\t\t\t\t<div class=\"elementor-widget-container\">\n\t\t\t\t\t\t\t\t\t<p>Cinq heureux gagnants recevront chacun un g\u00e9n\u00e9reux ensemble de marchandises Chapman\u2019s et, bien s\u00fbr, des coupons pour leur cr\u00e8me glac\u00e9e pr\u00e9f\u00e9r\u00e9e. Un prix d\u2019une valeur de 250\u00a0$\u2009!<\/p>\n<p>POUR PARTICIPER : Remplissez le formulaire ci-dessous et cliquez sur \u00ab\u2009Participer au concours\u2009\u00bb<\/p>\n<p>* Limit\u00e9 \u00e0 une participation par personne ; les participants qui ne se conforment pas seront disqualifi\u00e9s.<\/p>\n<p>* Toute information fournie sera utilis\u00e9e uniquement dans le cadre de ce concours et sera supprim\u00e9e une fois que le prix aura \u00e9t\u00e9 remis au gagnant.<\/p>\n\t\t\t\t\t\t\t\t<\/div>\n\t\t\t\t<\/div>\n\t\t\t\t\t<\/div>\n\t\t<\/div>\n\t\t\t\t\t<\/div>\n\t\t<\/section>\n\t\t\t\t<\/div>\n\t\t","protected":false},"excerpt":{"rendered":"<p>Concours du printemps Inscrivez-vous ci-dessous pour courir la chance de gagner ! Cinq heureux gagnants recevront chacun un g\u00e9n\u00e9reux ensemble de marchandises Chapman\u2019s et, bien s\u00fbr, des coupons pour leur cr\u00e8me glac\u00e9e pr\u00e9f\u00e9r\u00e9e. Un prix d\u2019une valeur de 250\u00a0$\u2009! POUR PARTICIPER : Remplissez le formulaire ci-dessous et cliquez sur \u00ab\u2009Participer au concours\u2009\u00bb * Limit\u00e9 \u00e0 [&hellip;]<\/p>\n","protected":false},"author":30,"featured_media":29815,"parent":0,"menu_order":6,"comment_status":"closed","ping_status":"closed","template":"template-contest-request.php","meta":{"_acf_changed":false,"footnotes":""},"class_list":["post-29830","page","type-page","status-publish","has-post-thumbnail","hentry"],"acf":[],"_links":{"self":[{"href":"https:\/\/www.chapmans.ca\/fr\/wp-json\/wp\/v2\/pages\/29830","targetHints":{"allow":["GET"]}}],"collection":[{"href":"https:\/\/www.chapmans.ca\/fr\/wp-json\/wp\/v2\/pages"}],"about":[{"href":"https:\/\/www.chapmans.ca\/fr\/wp-json\/wp\/v2\/types\/page"}],"author":[{"embeddable":true,"href":"https:\/\/www.chapmans.ca\/fr\/wp-json\/wp\/v2\/users\/30"}],"replies":[{"embeddable":true,"href":"https:\/\/www.chapmans.ca\/fr\/wp-json\/wp\/v2\/comments?post=29830"}],"version-history":[{"count":3,"href":"https:\/\/www.chapmans.ca\/fr\/wp-json\/wp\/v2\/pages\/29830\/revisions"}],"predecessor-version":[{"id":29876,"href":"https:\/\/www.chapmans.ca\/fr\/wp-json\/wp\/v2\/pages\/29830\/revisions\/29876"}],"wp:featuredmedia":[{"embeddable":true,"href":"https:\/\/www.chapmans.ca\/fr\/wp-json\/wp\/v2\/media\/29815"}],"wp:attachment":[{"href":"https:\/\/www.chapmans.ca\/fr\/wp-json\/wp\/v2\/media?parent=29830"}],"curies":[{"name":"wp","href":"https:\/\/api.w.org\/{rel}","templated":true}]}}