{"id":25387,"date":"2025-04-14T08:40:59","date_gmt":"2025-04-14T12:40:59","guid":{"rendered":"https:\/\/www.chapmans.ca\/?page_id=25387"},"modified":"2025-04-14T08:40:50","modified_gmt":"2025-04-14T12:40:50","slug":"concours-milkshake-monday","status":"publish","type":"page","link":"https:\/\/www.chapmans.ca\/fr\/concours-milkshake-monday\/","title":{"rendered":"Concours Milkshake Monday"},"content":{"rendered":"\t\t<div data-elementor-type=\"wp-page\" data-elementor-id=\"25387\" class=\"elementor elementor-25387 elementor-25386\" data-elementor-post-type=\"page\">\n\t\t\t\t\t\t<section class=\"elementor-section elementor-top-section elementor-element elementor-element-3ad6ee5 elementor-section-boxed elementor-section-height-default elementor-section-height-default\" data-id=\"3ad6ee5\" data-element_type=\"section\">\n\t\t\t\t\t\t<div class=\"elementor-container elementor-column-gap-default\">\n\t\t\t\t\t<div class=\"elementor-column elementor-col-100 elementor-top-column elementor-element elementor-element-9a55645\" data-id=\"9a55645\" data-element_type=\"column\">\n\t\t\t<div class=\"elementor-widget-wrap elementor-element-populated\">\n\t\t\t\t\t\t<div class=\"elementor-element elementor-element-4fec537 elementor-widget elementor-widget-heading\" data-id=\"4fec537\" data-element_type=\"widget\" data-widget_type=\"heading.default\">\n\t\t\t\t<div class=\"elementor-widget-container\">\n\t\t\t\t\t<h1 class=\"elementor-heading-title elementor-size-default\">Concours Milkshake Monday<\/h1>\t\t\t\t<\/div>\n\t\t\t\t<\/div>\n\t\t\t\t<div class=\"elementor-element elementor-element-387f8cf elementor-widget elementor-widget-heading\" data-id=\"387f8cf\" data-element_type=\"widget\" data-widget_type=\"heading.default\">\n\t\t\t\t<div class=\"elementor-widget-container\">\n\t\t\t\t\t<h4 class=\"elementor-heading-title elementor-size-default\">Inscrivez-vous ci-dessous pour courir la chance de gagner !<\/h4>\t\t\t\t<\/div>\n\t\t\t\t<\/div>\n\t\t\t\t<div class=\"elementor-element elementor-element-af3fbe1 elementor-widget elementor-widget-text-editor\" data-id=\"af3fbe1\" data-element_type=\"widget\" data-widget_type=\"text-editor.default\">\n\t\t\t\t<div class=\"elementor-widget-container\">\n\t\t\t\t\t\t\t\t\t<p>Cinq heureux gagnants recevront chacun un exemplaire autographi\u00e9 de Milkshake Monday, un tablier et une casquette Chapman\u2019s, le livre Chapmania et cinq coupons assortis.<\/p><p><strong>Pour Entrer<\/strong><\/p><ol><li>Suivez-nous sur Instagram ou Facebook.<\/li><li>Remplissez le formulaire ci-dessous et cliquez sur \u00ab\u00a0participer au concours\u00a0\u00bb<\/li><\/ol><p>* Limit\u00e9 \u00e0 une participation par personne ; les participants qui ne se conforment pas seront disqualifi\u00e9s.<\/p><p>* Toute information fournie sera utilis\u00e9e uniquement dans le cadre de ce concours et sera supprim\u00e9e une fois que le prix aura \u00e9t\u00e9 remis au gagnant.<\/p>\t\t\t\t\t\t\t\t<\/div>\n\t\t\t\t<\/div>\n\t\t\t\t\t<\/div>\n\t\t<\/div>\n\t\t\t\t\t<\/div>\n\t\t<\/section>\n\t\t\t\t<\/div>\n\t\t","protected":false},"excerpt":{"rendered":"<p>Concours Milkshake Monday Inscrivez-vous ci-dessous pour courir la chance de gagner ! Cinq heureux gagnants recevront chacun un exemplaire autographi\u00e9 de Milkshake Monday, un tablier et une casquette Chapman\u2019s, le livre Chapmania et cinq coupons assortis. Pour Entrer Suivez-nous sur Instagram ou Facebook. Remplissez le formulaire ci-dessous et cliquez sur \u00ab\u00a0participer au concours\u00a0\u00bb * Limit\u00e9 [&hellip;]<\/p>\n","protected":false},"author":26,"featured_media":25399,"parent":0,"menu_order":6,"comment_status":"closed","ping_status":"closed","template":"template-contest-request.php","meta":{"_acf_changed":false,"footnotes":""},"class_list":["post-25387","page","type-page","status-publish","has-post-thumbnail","hentry"],"acf":[],"_links":{"self":[{"href":"https:\/\/www.chapmans.ca\/fr\/wp-json\/wp\/v2\/pages\/25387","targetHints":{"allow":["GET"]}}],"collection":[{"href":"https:\/\/www.chapmans.ca\/fr\/wp-json\/wp\/v2\/pages"}],"about":[{"href":"https:\/\/www.chapmans.ca\/fr\/wp-json\/wp\/v2\/types\/page"}],"author":[{"embeddable":true,"href":"https:\/\/www.chapmans.ca\/fr\/wp-json\/wp\/v2\/users\/26"}],"replies":[{"embeddable":true,"href":"https:\/\/www.chapmans.ca\/fr\/wp-json\/wp\/v2\/comments?post=25387"}],"version-history":[{"count":0,"href":"https:\/\/www.chapmans.ca\/fr\/wp-json\/wp\/v2\/pages\/25387\/revisions"}],"wp:featuredmedia":[{"embeddable":true,"href":"https:\/\/www.chapmans.ca\/fr\/wp-json\/wp\/v2\/media\/25399"}],"wp:attachment":[{"href":"https:\/\/www.chapmans.ca\/fr\/wp-json\/wp\/v2\/media?parent=25387"}],"curies":[{"name":"wp","href":"https:\/\/api.w.org\/{rel}","templated":true}]}}