{"id":21182,"date":"2024-03-12T15:51:38","date_gmt":"2024-03-12T19:51:38","guid":{"rendered":"https:\/\/www.chapmans.ca\/?page_id=21182"},"modified":"2024-03-22T15:24:50","modified_gmt":"2024-03-22T19:24:50","slug":"concours-parapluie-printemps-2024","status":"publish","type":"page","link":"https:\/\/www.chapmans.ca\/fr\/concours-parapluie-printemps-2024\/","title":{"rendered":"Concours parapluie printemps 2024"},"content":{"rendered":"\t\t<div data-elementor-type=\"wp-page\" data-elementor-id=\"21182\" class=\"elementor elementor-21182 elementor-21181\" data-elementor-post-type=\"page\">\n\t\t\t\t\t\t<section class=\"elementor-section elementor-top-section elementor-element elementor-element-3ad6ee5 elementor-section-boxed elementor-section-height-default elementor-section-height-default\" data-id=\"3ad6ee5\" data-element_type=\"section\" data-e-type=\"section\">\n\t\t\t\t\t\t<div class=\"elementor-container elementor-column-gap-default\">\n\t\t\t\t\t<div class=\"elementor-column elementor-col-100 elementor-top-column elementor-element elementor-element-9a55645\" data-id=\"9a55645\" data-element_type=\"column\" data-e-type=\"column\">\n\t\t\t<div class=\"elementor-widget-wrap elementor-element-populated\">\n\t\t\t\t\t\t<div class=\"elementor-element elementor-element-4fec537 elementor-widget elementor-widget-heading\" data-id=\"4fec537\" data-element_type=\"widget\" data-e-type=\"widget\" data-widget_type=\"heading.default\">\n\t\t\t\t<div class=\"elementor-widget-container\">\n\t\t\t\t\t<h1 class=\"elementor-heading-title elementor-size-default\">Participez au concours\n<br \/>\n\u00ab Sweet Like Spring \u00bb<\/h1>\t\t\t\t<\/div>\n\t\t\t\t<\/div>\n\t\t\t\t<div class=\"elementor-element elementor-element-387f8cf elementor-widget elementor-widget-heading\" data-id=\"387f8cf\" data-element_type=\"widget\" data-e-type=\"widget\" data-widget_type=\"heading.default\">\n\t\t\t\t<div class=\"elementor-widget-container\">\n\t\t\t\t\t<h4 class=\"elementor-heading-title elementor-size-default\">Inscrivez-vous ci-dessous pour courir la chance de gagner !<\/h4>\t\t\t\t<\/div>\n\t\t\t\t<\/div>\n\t\t\t\t<div class=\"elementor-element elementor-element-af3fbe1 elementor-widget elementor-widget-text-editor\" data-id=\"af3fbe1\" data-element_type=\"widget\" data-e-type=\"widget\" data-widget_type=\"text-editor.default\">\n\t\t\t\t<div class=\"elementor-widget-container\">\n\t\t\t\t\t\t\t\t\t<p>Cinq heureux gagnants recevront chacun un parapluie Chapman&rsquo;s et\u00a0 un coupon de 4$ \u00e9changeable sure n&rsquo;importe quel produit Chapman&rsquo;s<\/p><p><strong>Pour Entrer<\/strong><\/p><ol><li>Suivez-nous sur Instagram ou Facebook.<\/li><li>\u00a0Identifiez un ami amateur de cr\u00e8me glac\u00e9e dans un commentaire sur l&rsquo;un de nos message sociaux du concours.<\/li><li>Remplissez le formulaire ci-dessous et cliquez sur \u00ab\u00a0participer au concours\u00a0\u00bb<\/li><\/ol><p>* Limit\u00e9 \u00e0 une participation par personne ; les participants qui ne se conforment pas seront disqualifi\u00e9s.<\/p><p>* Toute information fournie sera utilis\u00e9e uniquement dans le cadre de ce concours et sera supprim\u00e9e une fois que le prix aura \u00e9t\u00e9 remis au gagnant.<\/p>\t\t\t\t\t\t\t\t<\/div>\n\t\t\t\t<\/div>\n\t\t\t\t\t<\/div>\n\t\t<\/div>\n\t\t\t\t\t<\/div>\n\t\t<\/section>\n\t\t\t\t<section class=\"elementor-section elementor-top-section elementor-element elementor-element-e6423c1 elementor-section-boxed elementor-section-height-default elementor-section-height-default\" data-id=\"e6423c1\" data-element_type=\"section\" data-e-type=\"section\">\n\t\t\t\t\t\t<div class=\"elementor-container elementor-column-gap-default\">\n\t\t\t\t\t<div class=\"elementor-column elementor-col-100 elementor-top-column elementor-element elementor-element-f048650\" data-id=\"f048650\" data-element_type=\"column\" data-e-type=\"column\">\n\t\t\t<div class=\"elementor-widget-wrap elementor-element-populated\">\n\t\t\t\t\t\t<div class=\"elementor-element elementor-element-832d75d elementor-widget elementor-widget-heading\" data-id=\"832d75d\" data-element_type=\"widget\" data-e-type=\"widget\" data-widget_type=\"heading.default\">\n\t\t\t\t<div class=\"elementor-widget-container\">\n\t\t\t\t\t<h2 class=\"elementor-heading-title elementor-size-default\">Add Your Heading Text Here<\/h2>\t\t\t\t<\/div>\n\t\t\t\t<\/div>\n\t\t\t\t\t<\/div>\n\t\t<\/div>\n\t\t\t\t\t<\/div>\n\t\t<\/section>\n\t\t\t\t<\/div>\n\t\t","protected":false},"excerpt":{"rendered":"<p>Participez au concours \u00ab Sweet Like Spring \u00bb Inscrivez-vous ci-dessous pour courir la chance de gagner ! Cinq heureux gagnants recevront chacun un parapluie Chapman&rsquo;s et\u00a0 un coupon de 4$ \u00e9changeable sure n&rsquo;importe quel produit Chapman&rsquo;s Pour Entrer Suivez-nous sur Instagram ou Facebook. \u00a0Identifiez un ami amateur de cr\u00e8me glac\u00e9e dans un commentaire sur l&rsquo;un [&hellip;]<\/p>\n","protected":false},"author":25,"featured_media":17189,"parent":0,"menu_order":6,"comment_status":"closed","ping_status":"closed","template":"template-contest-request.php","meta":{"_acf_changed":false,"footnotes":""},"class_list":["post-21182","page","type-page","status-publish","has-post-thumbnail","hentry"],"acf":[],"_links":{"self":[{"href":"https:\/\/www.chapmans.ca\/fr\/wp-json\/wp\/v2\/pages\/21182","targetHints":{"allow":["GET"]}}],"collection":[{"href":"https:\/\/www.chapmans.ca\/fr\/wp-json\/wp\/v2\/pages"}],"about":[{"href":"https:\/\/www.chapmans.ca\/fr\/wp-json\/wp\/v2\/types\/page"}],"author":[{"embeddable":true,"href":"https:\/\/www.chapmans.ca\/fr\/wp-json\/wp\/v2\/users\/25"}],"replies":[{"embeddable":true,"href":"https:\/\/www.chapmans.ca\/fr\/wp-json\/wp\/v2\/comments?post=21182"}],"version-history":[{"count":0,"href":"https:\/\/www.chapmans.ca\/fr\/wp-json\/wp\/v2\/pages\/21182\/revisions"}],"wp:featuredmedia":[{"embeddable":true,"href":"https:\/\/www.chapmans.ca\/fr\/wp-json\/wp\/v2\/media\/17189"}],"wp:attachment":[{"href":"https:\/\/www.chapmans.ca\/fr\/wp-json\/wp\/v2\/media?parent=21182"}],"curies":[{"name":"wp","href":"https:\/\/api.w.org\/{rel}","templated":true}]}}