{"id":14083,"date":"2022-07-15T17:04:23","date_gmt":"2022-07-15T21:04:23","guid":{"rendered":"https:\/\/www.chapmans.ca\/?page_id=14083"},"modified":"2023-05-10T11:11:37","modified_gmt":"2023-05-10T15:11:37","slug":"cadeau-dete-essentials-swag-2022","status":"publish","type":"page","link":"https:\/\/www.chapmans.ca\/fr\/cadeau-dete-essentials-swag-2022\/","title":{"rendered":"Cadeau d\u2019\u00e9t\u00e9 Essentials Swag 2022 &#8211; Chapman\u2019s Club"},"content":{"rendered":"\t\t<div data-elementor-type=\"wp-page\" data-elementor-id=\"14083\" class=\"elementor elementor-14083 elementor-14082\" data-elementor-post-type=\"page\">\n\t\t\t\t\t\t<section class=\"elementor-section elementor-top-section elementor-element elementor-element-3ad6ee5 elementor-section-boxed elementor-section-height-default elementor-section-height-default\" data-id=\"3ad6ee5\" data-element_type=\"section\" data-e-type=\"section\">\n\t\t\t\t\t\t<div class=\"elementor-container elementor-column-gap-default\">\n\t\t\t\t\t<div class=\"elementor-column elementor-col-100 elementor-top-column elementor-element elementor-element-9a55645\" data-id=\"9a55645\" data-element_type=\"column\" data-e-type=\"column\">\n\t\t\t<div class=\"elementor-widget-wrap elementor-element-populated\">\n\t\t\t\t\t\t<div class=\"elementor-element elementor-element-4fec537 elementor-widget elementor-widget-heading\" data-id=\"4fec537\" data-element_type=\"widget\" data-e-type=\"widget\" data-widget_type=\"heading.default\">\n\t\t\t\t<div class=\"elementor-widget-container\">\n\t\t\t\t\t<h1 class=\"elementor-heading-title elementor-size-default\">Cadeau d\u2019\u00e9t\u00e9 Essentials Swag <\/h1>\t\t\t\t<\/div>\n\t\t\t\t<\/div>\n\t\t\t\t<div class=\"elementor-element elementor-element-387f8cf elementor-widget elementor-widget-heading\" data-id=\"387f8cf\" data-element_type=\"widget\" data-e-type=\"widget\" data-widget_type=\"heading.default\">\n\t\t\t\t<div class=\"elementor-widget-container\">\n\t\t\t\t\t<h4 class=\"elementor-heading-title elementor-size-default\">Inscrivez-vous pour avoir la chance de gagner un cadeau de Chapman's.<\/h4>\t\t\t\t<\/div>\n\t\t\t\t<\/div>\n\t\t\t\t<div class=\"elementor-element elementor-element-af3fbe1 elementor-widget elementor-widget-text-editor\" data-id=\"af3fbe1\" data-element_type=\"widget\" data-e-type=\"widget\" data-widget_type=\"text-editor.default\">\n\t\t\t\t<div class=\"elementor-widget-container\">\n\t\t\t\t\t\t\t\t\tNous voulions faire un concours exclusif pour nos membres du Chapman\u2019s Club.\r\n\r\nUn gagnant du grand prix recevra une serviette de plage de marque Chapman\u2019s, une bo\u00eete \u00e0 lunch Chapman\u2019s, un jeu de cartes de marque Chapman\u2019s et trois coupons de 4\u00a0$ pour la cr\u00e8me glac\u00e9e Chapman\u2019s.\r\n\r\nRemplissez le formulaire ci-dessous et cliquez sur \u00ab\u00a0Participer au concours\u00a0\u00bb.\r\n\r\n*Tous les renseignements fournis seront utilis\u00e9s aux fins du concours seulement et seront supprim\u00e9s apr\u00e8s la remise des prox aux gagnant.\t\t\t\t\t\t\t\t<\/div>\n\t\t\t\t<\/div>\n\t\t\t\t\t<\/div>\n\t\t<\/div>\n\t\t\t\t\t<\/div>\n\t\t<\/section>\n\t\t\t\t<\/div>\n\t\t","protected":false},"excerpt":{"rendered":"<p>Cadeau d\u2019\u00e9t\u00e9 Essentials Swag Inscrivez-vous pour avoir la chance de gagner un cadeau de Chapman&rsquo;s. Nous voulions faire un concours exclusif pour nos membres du Chapman\u2019s Club. Un gagnant du grand prix recevra une serviette de plage de marque Chapman\u2019s, une bo\u00eete \u00e0 lunch Chapman\u2019s, un jeu de cartes de marque Chapman\u2019s et trois coupons [&hellip;]<\/p>\n","protected":false},"author":21,"featured_media":14142,"parent":0,"menu_order":6,"comment_status":"closed","ping_status":"closed","template":"template-contest-request.php","meta":{"_acf_changed":false,"footnotes":""},"class_list":["post-14083","page","type-page","status-publish","has-post-thumbnail","hentry"],"acf":[],"_links":{"self":[{"href":"https:\/\/www.chapmans.ca\/fr\/wp-json\/wp\/v2\/pages\/14083","targetHints":{"allow":["GET"]}}],"collection":[{"href":"https:\/\/www.chapmans.ca\/fr\/wp-json\/wp\/v2\/pages"}],"about":[{"href":"https:\/\/www.chapmans.ca\/fr\/wp-json\/wp\/v2\/types\/page"}],"author":[{"embeddable":true,"href":"https:\/\/www.chapmans.ca\/fr\/wp-json\/wp\/v2\/users\/21"}],"replies":[{"embeddable":true,"href":"https:\/\/www.chapmans.ca\/fr\/wp-json\/wp\/v2\/comments?post=14083"}],"version-history":[{"count":0,"href":"https:\/\/www.chapmans.ca\/fr\/wp-json\/wp\/v2\/pages\/14083\/revisions"}],"wp:featuredmedia":[{"embeddable":true,"href":"https:\/\/www.chapmans.ca\/fr\/wp-json\/wp\/v2\/media\/14142"}],"wp:attachment":[{"href":"https:\/\/www.chapmans.ca\/fr\/wp-json\/wp\/v2\/media?parent=14083"}],"curies":[{"name":"wp","href":"https:\/\/api.w.org\/{rel}","templated":true}]}}