{"id":13658,"date":"2022-07-13T15:52:13","date_gmt":"2022-07-13T19:52:13","guid":{"rendered":"https:\/\/www.chapmans.ca\/?page_id=13658"},"modified":"2023-05-10T11:12:27","modified_gmt":"2023-05-10T15:12:27","slug":"concours-cadeau-pour-la-journee-nationale-de-creme-glacee-juillet-2022","status":"publish","type":"page","link":"https:\/\/www.chapmans.ca\/fr\/concours-cadeau-pour-la-journee-nationale-de-creme-glacee-juillet-2022\/","title":{"rendered":"Concours cadeau pour la journ\u00e9e nationale de cr\u00e8me glac\u00e9e \u2013 Juillet 2022"},"content":{"rendered":"\t\t<div data-elementor-type=\"wp-page\" data-elementor-id=\"13658\" class=\"elementor elementor-13658 elementor-13657\" data-elementor-post-type=\"page\">\n\t\t\t\t\t\t<section class=\"elementor-section elementor-top-section elementor-element elementor-element-3ad6ee5 elementor-section-boxed elementor-section-height-default elementor-section-height-default\" data-id=\"3ad6ee5\" data-element_type=\"section\" data-e-type=\"section\">\n\t\t\t\t\t\t<div class=\"elementor-container elementor-column-gap-default\">\n\t\t\t\t\t<div class=\"elementor-column elementor-col-100 elementor-top-column elementor-element elementor-element-9a55645\" data-id=\"9a55645\" data-element_type=\"column\" data-e-type=\"column\">\n\t\t\t<div class=\"elementor-widget-wrap elementor-element-populated\">\n\t\t\t\t\t\t<div class=\"elementor-element elementor-element-4fec537 elementor-widget elementor-widget-heading\" data-id=\"4fec537\" data-element_type=\"widget\" data-e-type=\"widget\" data-widget_type=\"heading.default\">\n\t\t\t\t<div class=\"elementor-widget-container\">\n\t\t\t\t\t<h1 class=\"elementor-heading-title elementor-size-default\">Concours cadeau pour la journ\u00e9e nationale de cr\u00e8me glac\u00e9e<\/h1>\t\t\t\t<\/div>\n\t\t\t\t<\/div>\n\t\t\t\t<div class=\"elementor-element elementor-element-387f8cf elementor-widget elementor-widget-heading\" data-id=\"387f8cf\" data-element_type=\"widget\" data-e-type=\"widget\" data-widget_type=\"heading.default\">\n\t\t\t\t<div class=\"elementor-widget-container\">\n\t\t\t\t\t<h4 class=\"elementor-heading-title elementor-size-default\">Inscrivez-vous pour avoir la chance de gagner!<\/h4>\t\t\t\t<\/div>\n\t\t\t\t<\/div>\n\t\t\t\t<div class=\"elementor-element elementor-element-af3fbe1 elementor-widget elementor-widget-text-editor\" data-id=\"af3fbe1\" data-element_type=\"widget\" data-e-type=\"widget\" data-widget_type=\"text-editor.default\">\n\t\t\t\t<div class=\"elementor-widget-container\">\n\t\t\t\t\t\t\t\t\t<p>Trois gagnant heureux recevront\u00a0: deux serviettes de plage de Chapman\u2019s et quatre coupons de creme glacee Chapman\u2019s de 4$.<\/p><p>POUR PARTICIPER :<\/p><p>1. Suivez-nous sur Instagram <a href=\"https:\/\/www.instagram.com\/chapmansicecream\/\">@ChapmansIceCream<\/a> et\/ou sur Facebook <a href=\"https:\/\/www.facebook.com\/ChapmansIceCream\">@ChapmansIceCream<\/a><br \/>2. Identifier un ami qui aime la cr\u00e8me glac\u00e9e sur notre poste sur Instagram ou Facebook<br \/>3. Remplissez le formulaire ci-dessous et cliquez sur \u00ab Participer au concours \u00bb<\/p><p><em>*Limit\u00e9 \u00e0 une participation par personne; les participants qui ne se conforment pas seront disqualifi\u00e9.<\/em><br \/><em>*Tous les renseignements fournis seront utilis\u00e9s aux fins du concours seulement et seront supprim\u00e9s apr\u00e8s la remise des prox aux gagnant.<\/em><\/p>\t\t\t\t\t\t\t\t<\/div>\n\t\t\t\t<\/div>\n\t\t\t\t\t<\/div>\n\t\t<\/div>\n\t\t\t\t\t<\/div>\n\t\t<\/section>\n\t\t\t\t<\/div>\n\t\t","protected":false},"excerpt":{"rendered":"<p>Concours cadeau pour la journ\u00e9e nationale de cr\u00e8me glac\u00e9e Inscrivez-vous pour avoir la chance de gagner! Trois gagnant heureux recevront\u00a0: deux serviettes de plage de Chapman\u2019s et quatre coupons de creme glacee Chapman\u2019s de 4$. POUR PARTICIPER : 1. Suivez-nous sur Instagram @ChapmansIceCream et\/ou sur Facebook @ChapmansIceCream 2. Identifier un ami qui aime la cr\u00e8me [&hellip;]<\/p>\n","protected":false},"author":14,"featured_media":13667,"parent":0,"menu_order":7,"comment_status":"closed","ping_status":"closed","template":"template-contest-request.php","meta":{"_acf_changed":false,"footnotes":""},"class_list":["post-13658","page","type-page","status-publish","has-post-thumbnail","hentry"],"acf":[],"_links":{"self":[{"href":"https:\/\/www.chapmans.ca\/fr\/wp-json\/wp\/v2\/pages\/13658","targetHints":{"allow":["GET"]}}],"collection":[{"href":"https:\/\/www.chapmans.ca\/fr\/wp-json\/wp\/v2\/pages"}],"about":[{"href":"https:\/\/www.chapmans.ca\/fr\/wp-json\/wp\/v2\/types\/page"}],"author":[{"embeddable":true,"href":"https:\/\/www.chapmans.ca\/fr\/wp-json\/wp\/v2\/users\/14"}],"replies":[{"embeddable":true,"href":"https:\/\/www.chapmans.ca\/fr\/wp-json\/wp\/v2\/comments?post=13658"}],"version-history":[{"count":0,"href":"https:\/\/www.chapmans.ca\/fr\/wp-json\/wp\/v2\/pages\/13658\/revisions"}],"wp:featuredmedia":[{"embeddable":true,"href":"https:\/\/www.chapmans.ca\/fr\/wp-json\/wp\/v2\/media\/13667"}],"wp:attachment":[{"href":"https:\/\/www.chapmans.ca\/fr\/wp-json\/wp\/v2\/media?parent=13658"}],"curies":[{"name":"wp","href":"https:\/\/api.w.org\/{rel}","templated":true}]}}