{"id":13445,"date":"2022-05-27T16:09:18","date_gmt":"2022-05-27T20:09:18","guid":{"rendered":"https:\/\/www.chapmans.ca\/?page_id=13445"},"modified":"2023-05-10T11:17:48","modified_gmt":"2023-05-10T15:17:48","slug":"rester-au-frais-cette-fete-du-canada","status":"publish","type":"page","link":"https:\/\/www.chapmans.ca\/fr\/rester-au-frais-cette-fete-du-canada\/","title":{"rendered":"Rester au frais cette f\u00eate du Canada"},"content":{"rendered":"\t\t<div data-elementor-type=\"wp-page\" data-elementor-id=\"13445\" class=\"elementor elementor-13445 elementor-13444\" data-elementor-post-type=\"page\">\n\t\t\t\t\t\t<section class=\"elementor-section elementor-top-section elementor-element elementor-element-3ad6ee5 elementor-section-boxed elementor-section-height-default elementor-section-height-default\" data-id=\"3ad6ee5\" data-element_type=\"section\" data-e-type=\"section\">\n\t\t\t\t\t\t<div class=\"elementor-container elementor-column-gap-default\">\n\t\t\t\t\t<div class=\"elementor-column elementor-col-100 elementor-top-column elementor-element elementor-element-9a55645\" data-id=\"9a55645\" data-element_type=\"column\" data-e-type=\"column\">\n\t\t\t<div class=\"elementor-widget-wrap elementor-element-populated\">\n\t\t\t\t\t\t<div class=\"elementor-element elementor-element-4fec537 elementor-widget elementor-widget-heading\" data-id=\"4fec537\" data-element_type=\"widget\" data-e-type=\"widget\" data-widget_type=\"heading.default\">\n\t\t\t\t<div class=\"elementor-widget-container\">\n\t\t\t\t\t<h1 class=\"elementor-heading-title elementor-size-default\">Rester au frais cette f\u00eate du Canada<\/h1>\t\t\t\t<\/div>\n\t\t\t\t<\/div>\n\t\t\t\t<div class=\"elementor-element elementor-element-387f8cf elementor-widget elementor-widget-heading\" data-id=\"387f8cf\" data-element_type=\"widget\" data-e-type=\"widget\" data-widget_type=\"heading.default\">\n\t\t\t\t<div class=\"elementor-widget-container\">\n\t\t\t\t\t<h4 class=\"elementor-heading-title elementor-size-default\">Remplissez le formulaire ci-dessous pour avoir la chance de gagner!<\/h4>\t\t\t\t<\/div>\n\t\t\t\t<\/div>\n\t\t\t\t<div class=\"elementor-element elementor-element-af3fbe1 elementor-widget elementor-widget-text-editor\" data-id=\"af3fbe1\" data-element_type=\"widget\" data-e-type=\"widget\" data-widget_type=\"text-editor.default\">\n\t\t\t\t<div class=\"elementor-widget-container\">\n\t\t\t\t\t\t\t\t\tDeux entreprises canadiennes se sont associ\u00e9es pour aider les Canadiens \u00e0 rester au frais cette f\u00eate du Canada! Un gagnant heureux gagnera un cong\u00e9lateur Danby emball\u00e9 sur mesure + une provision annuelle de glac\u00e9e Chapman\u2019s.\r\n\r\n<strong>POUR PARTICIPER :<\/strong>\r\n\r\n<strong>1\/<\/strong> Suivez @ChapmansIceCream sur Instagram ou Facebook\r\n\r\n<strong>2\/<\/strong> Suivez @DanbyAppliances sur Instagram ou Facebook\r\n\r\n<strong>3\/<\/strong> Publiez une photo de la fa\u00e7on dont vous restez au frais pendant l\u2019\u00e9t\u00e9 au Canada sur la page Facebook de Danby ou publiez votre photo sur Instagram en utilisant <em>#GardezChapmansAuFraisAvecDanby<\/em>.\r\n\r\n<strong>4\/<\/strong> Remplissez le formulaire ci-dessous et cliquez sur \u00ab\u00a0Participer au concours\u00a0\u00bb\r\n\r\n<em>* Limit\u00e9 \u00e0 une inscription par personne; les participants qui ne se conforment pas seront disqualifi\u00e9s.<\/em>\r\n\r\n<em>* Tous les renseignements fournis seront utilis\u00e9s aux fins du concours seulement et seront supprim\u00e9s apr\u00e8s la remise du prix au gagnant.<\/em>\t\t\t\t\t\t\t\t<\/div>\n\t\t\t\t<\/div>\n\t\t\t\t\t<\/div>\n\t\t<\/div>\n\t\t\t\t\t<\/div>\n\t\t<\/section>\n\t\t\t\t<\/div>\n\t\t","protected":false},"excerpt":{"rendered":"<p>Rester au frais cette f\u00eate du Canada Remplissez le formulaire ci-dessous pour avoir la chance de gagner! Deux entreprises canadiennes se sont associ\u00e9es pour aider les Canadiens \u00e0 rester au frais cette f\u00eate du Canada! Un gagnant heureux gagnera un cong\u00e9lateur Danby emball\u00e9 sur mesure + une provision annuelle de glac\u00e9e Chapman\u2019s. POUR PARTICIPER : [&hellip;]<\/p>\n","protected":false},"author":14,"featured_media":13473,"parent":0,"menu_order":22,"comment_status":"closed","ping_status":"closed","template":"template-contest-request.php","meta":{"_acf_changed":false,"footnotes":""},"class_list":["post-13445","page","type-page","status-publish","has-post-thumbnail","hentry"],"acf":[],"_links":{"self":[{"href":"https:\/\/www.chapmans.ca\/fr\/wp-json\/wp\/v2\/pages\/13445","targetHints":{"allow":["GET"]}}],"collection":[{"href":"https:\/\/www.chapmans.ca\/fr\/wp-json\/wp\/v2\/pages"}],"about":[{"href":"https:\/\/www.chapmans.ca\/fr\/wp-json\/wp\/v2\/types\/page"}],"author":[{"embeddable":true,"href":"https:\/\/www.chapmans.ca\/fr\/wp-json\/wp\/v2\/users\/14"}],"replies":[{"embeddable":true,"href":"https:\/\/www.chapmans.ca\/fr\/wp-json\/wp\/v2\/comments?post=13445"}],"version-history":[{"count":0,"href":"https:\/\/www.chapmans.ca\/fr\/wp-json\/wp\/v2\/pages\/13445\/revisions"}],"wp:featuredmedia":[{"embeddable":true,"href":"https:\/\/www.chapmans.ca\/fr\/wp-json\/wp\/v2\/media\/13473"}],"wp:attachment":[{"href":"https:\/\/www.chapmans.ca\/fr\/wp-json\/wp\/v2\/media?parent=13445"}],"curies":[{"name":"wp","href":"https:\/\/api.w.org\/{rel}","templated":true}]}}