{"id":10176,"date":"2020-09-08T15:05:57","date_gmt":"2020-09-08T15:05:57","guid":{"rendered":"https:\/\/www.chapmans.ca\/le-concours-est-ferme\/"},"modified":"2023-06-28T15:19:54","modified_gmt":"2023-06-28T19:19:54","slug":"le-concours-est-ferme","status":"publish","type":"page","link":"https:\/\/www.chapmans.ca\/fr\/le-concours-est-ferme\/","title":{"rendered":"Le Concours est ferm\u00e9"},"content":{"rendered":"\t\t<div data-elementor-type=\"wp-page\" data-elementor-id=\"10176\" class=\"elementor elementor-10176 elementor-7808\" data-elementor-post-type=\"page\">\n\t\t\t\t\t\t<section class=\"elementor-section elementor-top-section elementor-element elementor-element-5e157ec elementor-section-boxed elementor-section-height-default elementor-section-height-default\" data-id=\"5e157ec\" data-element_type=\"section\" data-e-type=\"section\">\n\t\t\t\t\t\t<div class=\"elementor-container elementor-column-gap-default\">\n\t\t\t\t\t<div class=\"elementor-column elementor-col-100 elementor-top-column elementor-element elementor-element-7f273ca\" data-id=\"7f273ca\" data-element_type=\"column\" data-e-type=\"column\">\n\t\t\t<div class=\"elementor-widget-wrap elementor-element-populated\">\n\t\t\t\t\t\t<div class=\"elementor-element elementor-element-0773344 elementor-widget elementor-widget-spacer\" data-id=\"0773344\" data-element_type=\"widget\" data-e-type=\"widget\" data-widget_type=\"spacer.default\">\n\t\t\t\t<div class=\"elementor-widget-container\">\n\t\t\t\t\t\t\t<div class=\"elementor-spacer\">\n\t\t\t<div class=\"elementor-spacer-inner\"><\/div>\n\t\t<\/div>\n\t\t\t\t\t\t<\/div>\n\t\t\t\t<\/div>\n\t\t\t\t\t<\/div>\n\t\t<\/div>\n\t\t\t\t\t<\/div>\n\t\t<\/section>\n\t\t\t\t<section class=\"elementor-section elementor-top-section elementor-element elementor-element-786f2e5 elementor-section-boxed elementor-section-height-default elementor-section-height-default\" data-id=\"786f2e5\" data-element_type=\"section\" data-e-type=\"section\">\n\t\t\t\t\t\t<div class=\"elementor-container elementor-column-gap-default\">\n\t\t\t\t\t<div class=\"elementor-column elementor-col-100 elementor-top-column elementor-element elementor-element-dd78cef\" data-id=\"dd78cef\" data-element_type=\"column\" data-e-type=\"column\">\n\t\t\t<div class=\"elementor-widget-wrap elementor-element-populated\">\n\t\t\t\t\t\t<div class=\"elementor-element elementor-element-36bc3ae elementor-widget elementor-widget-image\" data-id=\"36bc3ae\" data-element_type=\"widget\" data-e-type=\"widget\" data-widget_type=\"image.default\">\n\t\t\t\t<div class=\"elementor-widget-container\">\n\t\t\t\t\t\t\t\t\t\t\t\t\t\t\t<img fetchpriority=\"high\" decoding=\"async\" width=\"768\" height=\"514\" src=\"https:\/\/www.chapmans.ca\/wp-content\/uploads\/2020\/09\/melting-ice-cream-768x514.png\" class=\"attachment-medium_large size-medium_large wp-image-7822\" alt=\"\" srcset=\"https:\/\/www.chapmans.ca\/wp-content\/uploads\/2020\/09\/melting-ice-cream-768x514.png 768w, https:\/\/www.chapmans.ca\/wp-content\/uploads\/2020\/09\/melting-ice-cream-300x201.png 300w, https:\/\/www.chapmans.ca\/wp-content\/uploads\/2020\/09\/melting-ice-cream-450x301.png 450w, https:\/\/www.chapmans.ca\/wp-content\/uploads\/2020\/09\/melting-ice-cream-90x60.png 90w, https:\/\/www.chapmans.ca\/wp-content\/uploads\/2020\/09\/melting-ice-cream.png 793w\" sizes=\"(max-width: 768px) 100vw, 768px\" \/>\t\t\t\t\t\t\t\t\t\t\t\t\t\t\t<\/div>\n\t\t\t\t<\/div>\n\t\t\t\t\t<\/div>\n\t\t<\/div>\n\t\t\t\t\t<\/div>\n\t\t<\/section>\n\t\t\t\t<section class=\"elementor-section elementor-top-section elementor-element elementor-element-db01b83 elementor-section-boxed elementor-section-height-default elementor-section-height-default\" data-id=\"db01b83\" data-element_type=\"section\" data-e-type=\"section\">\n\t\t\t\t\t\t<div class=\"elementor-container elementor-column-gap-default\">\n\t\t\t\t\t<div class=\"elementor-column elementor-col-100 elementor-top-column elementor-element elementor-element-ac643a9\" data-id=\"ac643a9\" data-element_type=\"column\" data-e-type=\"column\">\n\t\t\t<div class=\"elementor-widget-wrap elementor-element-populated\">\n\t\t\t\t\t\t<div class=\"elementor-element elementor-element-8e0a67f elementor-widget elementor-widget-heading\" data-id=\"8e0a67f\" data-element_type=\"widget\" data-e-type=\"widget\" data-widget_type=\"heading.default\">\n\t\t\t\t<div class=\"elementor-widget-container\">\n\t\t\t\t\t<h2 class=\"elementor-heading-title elementor-size-default\">Le Concours est ferm\u00e9.<\/h2>\t\t\t\t<\/div>\n\t\t\t\t<\/div>\n\t\t\t\t\t<\/div>\n\t\t<\/div>\n\t\t\t\t\t<\/div>\n\t\t<\/section>\n\t\t\t\t<section class=\"elementor-section elementor-top-section elementor-element elementor-element-7b46481 elementor-section-boxed elementor-section-height-default elementor-section-height-default\" data-id=\"7b46481\" data-element_type=\"section\" data-e-type=\"section\">\n\t\t\t\t\t\t<div class=\"elementor-container elementor-column-gap-default\">\n\t\t\t\t\t<div class=\"elementor-column elementor-col-100 elementor-top-column elementor-element elementor-element-c17178d\" data-id=\"c17178d\" data-element_type=\"column\" data-e-type=\"column\">\n\t\t\t<div class=\"elementor-widget-wrap elementor-element-populated\">\n\t\t\t\t\t\t<div class=\"elementor-element elementor-element-3cef894 elementor-widget elementor-widget-text-editor\" data-id=\"3cef894\" data-element_type=\"widget\" data-e-type=\"widget\" data-widget_type=\"text-editor.default\">\n\t\t\t\t<div class=\"elementor-widget-container\">\n\t\t\t\t\t\t\t\t\t<p>D\u00e9sol\u00e9, notre concours de cadeaux est maintenant ferm\u00e9. Suivez-nous sur les m\u00e9dias sociaux pour les prochains cadeaux, recettes, annonce de produits et encore plus!<\/p>\n\t\t\t\t\t\t\t\t<\/div>\n\t\t\t\t<\/div>\n\t\t\t\t\t<\/div>\n\t\t<\/div>\n\t\t\t\t\t<\/div>\n\t\t<\/section>\n\t\t\t\t<section class=\"elementor-section elementor-top-section elementor-element elementor-element-bf68b29 elementor-section-boxed elementor-section-height-default elementor-section-height-default\" data-id=\"bf68b29\" data-element_type=\"section\" data-e-type=\"section\">\n\t\t\t\t\t\t<div class=\"elementor-container elementor-column-gap-default\">\n\t\t\t\t\t<div class=\"elementor-column elementor-col-33 elementor-top-column elementor-element elementor-element-9a18307\" data-id=\"9a18307\" data-element_type=\"column\" data-e-type=\"column\">\n\t\t\t<div class=\"elementor-widget-wrap elementor-element-populated\">\n\t\t\t\t\t\t<div class=\"elementor-element elementor-element-e939027 elementor-widget elementor-widget-image\" data-id=\"e939027\" data-element_type=\"widget\" data-e-type=\"widget\" data-widget_type=\"image.default\">\n\t\t\t\t<div class=\"elementor-widget-container\">\n\t\t\t\t\t\t\t\t\t\t\t\t\t\t\t\t<a href=\"https:\/\/twitter.com\/Chapmans_Canada\">\n\t\t\t\t\t\t\t<img decoding=\"async\" width=\"47\" height=\"47\" src=\"https:\/\/www.chapmans.ca\/wp-content\/uploads\/2023\/04\/BlueSky_Logo_Rose.svg\" class=\"attachment-large size-large wp-image-2704\" alt=\"Red Twitter Icon\" \/>\t\t\t\t\t\t\t\t<\/a>\n\t\t\t\t\t\t\t\t\t\t\t\t\t\t\t<\/div>\n\t\t\t\t<\/div>\n\t\t\t\t\t<\/div>\n\t\t<\/div>\n\t\t\t\t<div class=\"elementor-column elementor-col-33 elementor-top-column elementor-element elementor-element-b0a9212\" data-id=\"b0a9212\" data-element_type=\"column\" data-e-type=\"column\">\n\t\t\t<div class=\"elementor-widget-wrap elementor-element-populated\">\n\t\t\t\t\t\t<div class=\"elementor-element elementor-element-d85f00a elementor-widget elementor-widget-image\" data-id=\"d85f00a\" data-element_type=\"widget\" data-e-type=\"widget\" data-widget_type=\"image.default\">\n\t\t\t\t<div class=\"elementor-widget-container\">\n\t\t\t\t\t\t\t\t\t\t\t\t\t\t\t\t<a href=\"https:\/\/www.instagram.com\/chapmansicecream\/\">\n\t\t\t\t\t\t\t<img decoding=\"async\" width=\"1\" height=\"1\" src=\"https:\/\/www.chapmans.ca\/wp-content\/uploads\/2019\/06\/red-insta.svg\" class=\"attachment-large size-large wp-image-2702\" alt=\"Red Pinterest Icon\" \/>\t\t\t\t\t\t\t\t<\/a>\n\t\t\t\t\t\t\t\t\t\t\t\t\t\t\t<\/div>\n\t\t\t\t<\/div>\n\t\t\t\t\t<\/div>\n\t\t<\/div>\n\t\t\t\t<div class=\"elementor-column elementor-col-33 elementor-top-column elementor-element elementor-element-619d8a9\" data-id=\"619d8a9\" data-element_type=\"column\" data-e-type=\"column\">\n\t\t\t<div class=\"elementor-widget-wrap elementor-element-populated\">\n\t\t\t\t\t\t<div class=\"elementor-element elementor-element-3fe9221 elementor-widget elementor-widget-image\" data-id=\"3fe9221\" data-element_type=\"widget\" data-e-type=\"widget\" data-widget_type=\"image.default\">\n\t\t\t\t<div class=\"elementor-widget-container\">\n\t\t\t\t\t\t\t\t\t\t\t\t\t\t\t\t<a href=\"https:\/\/www.facebook.com\/ChapmansIceCream\">\n\t\t\t\t\t\t\t<img loading=\"lazy\" decoding=\"async\" width=\"1\" height=\"1\" src=\"https:\/\/www.chapmans.ca\/wp-content\/uploads\/2019\/06\/red-facebook.svg\" class=\"attachment-large size-large wp-image-2700\" alt=\"Red Facebook Icon\" \/>\t\t\t\t\t\t\t\t<\/a>\n\t\t\t\t\t\t\t\t\t\t\t\t\t\t\t<\/div>\n\t\t\t\t<\/div>\n\t\t\t\t\t<\/div>\n\t\t<\/div>\n\t\t\t\t\t<\/div>\n\t\t<\/section>\n\t\t\t\t<\/div>\n\t\t","protected":false},"excerpt":{"rendered":"<p>Le Concours est ferm\u00e9. D\u00e9sol\u00e9, notre concours de cadeaux est maintenant ferm\u00e9. Suivez-nous sur les m\u00e9dias sociaux pour les prochains cadeaux, recettes, annonce de produits et encore plus!<\/p>\n","protected":false},"author":12,"featured_media":0,"parent":0,"menu_order":54,"comment_status":"closed","ping_status":"closed","template":"","meta":{"_acf_changed":false,"footnotes":""},"class_list":["post-10176","page","type-page","status-publish","hentry"],"acf":[],"_links":{"self":[{"href":"https:\/\/www.chapmans.ca\/fr\/wp-json\/wp\/v2\/pages\/10176","targetHints":{"allow":["GET"]}}],"collection":[{"href":"https:\/\/www.chapmans.ca\/fr\/wp-json\/wp\/v2\/pages"}],"about":[{"href":"https:\/\/www.chapmans.ca\/fr\/wp-json\/wp\/v2\/types\/page"}],"author":[{"embeddable":true,"href":"https:\/\/www.chapmans.ca\/fr\/wp-json\/wp\/v2\/users\/12"}],"replies":[{"embeddable":true,"href":"https:\/\/www.chapmans.ca\/fr\/wp-json\/wp\/v2\/comments?post=10176"}],"version-history":[{"count":0,"href":"https:\/\/www.chapmans.ca\/fr\/wp-json\/wp\/v2\/pages\/10176\/revisions"}],"wp:attachment":[{"href":"https:\/\/www.chapmans.ca\/fr\/wp-json\/wp\/v2\/media?parent=10176"}],"curies":[{"name":"wp","href":"https:\/\/api.w.org\/{rel}","templated":true}]}}